{"id":2525,"date":"2023-08-06T22:34:14","date_gmt":"2023-08-06T19:34:14","guid":{"rendered":"http:\/\/anka.eticra.com\/?page_id=2525"},"modified":"2023-08-06T23:12:14","modified_gmt":"2023-08-06T20:12:14","slug":"process-equipment","status":"publish","type":"page","link":"https:\/\/ankamakine.com\/tr\/urunlerimiz-2\/surec-eki\u0307pmanlari-2\/","title":{"rendered":"Proses Ekipmanlar\u0131"},"content":{"rendered":"<div data-elementor-type=\"wp-page\" data-elementor-id=\"2525\" class=\"elementor elementor-2525\">\n\t\t\t\t\t\t<section class=\"elementor-section elementor-top-section elementor-element elementor-element-dde092f elementor-section-boxed elementor-section-height-default elementor-section-height-default\" data-id=\"dde092f\" data-element_type=\"section\" data-e-type=\"section\">\n\t\t\t\t\t\t<div class=\"elementor-container elementor-column-gap-default\">\n\t\t\t\t\t<div class=\"elementor-column elementor-col-50 elementor-top-column elementor-element elementor-element-7548fc2\" data-id=\"7548fc2\" data-element_type=\"column\" data-e-type=\"column\">\n\t\t\t<div class=\"elementor-widget-wrap elementor-element-populated\">\n\t\t\t\t\t\t<div class=\"elementor-element elementor-element-e0bbe15 elementor-widget elementor-widget-heading\" data-id=\"e0bbe15\" data-element_type=\"widget\" data-e-type=\"widget\" data-widget_type=\"heading.default\">\n\t\t\t\t<div class=\"elementor-widget-container\">\n\t\t\t\t\t<h2 class=\"elementor-heading-title elementor-size-default\">Tanklar<\/h2>\t\t\t\t<\/div>\n\t\t\t\t<\/div>\n\t\t\t\t<div class=\"elementor-element elementor-element-e40ce2c elementor-widget elementor-widget-text-editor\" data-id=\"e40ce2c\" data-element_type=\"widget\" data-e-type=\"widget\" data-widget_type=\"text-editor.default\">\n\t\t\t\t<div class=\"elementor-widget-container\">\n\t\t\t\t\t\t\t\t\t<p>Anka Makine, s\u00fct ve s\u00fct \u00fcr\u00fcnleri i\u015fleme i\u00e7in paslanmaz \u00e7elik tank \u00fcretiminde uzun y\u0131llara dayanan deneyime sahiptir. Anka Makine, Paslanmaz \u00e7elik S\u00fct \u00dcr\u00fcnleri D\u00f6kme s\u00fct so\u011futucular\u0131, 250 m3'e kadar S\u00fct \u00dcr\u00fcnleri depolama Silolar\u0131, S\u00fct \u00dcr\u00fcnleri Aseptik tanklar\u0131, S\u00fct \u00dcr\u00fcnleri Fermantasyon tanklar\u0131, Yo\u011furt tanklar\u0131, Krema tanklar\u0131 ve Kaplar\u0131, CIP tanklar\u0131 ve yol tankerleri dahil olmak \u00fczere t\u00fcm S\u00fct \u00dcr\u00fcnleri proses a\u015famalar\u0131 i\u00e7in (hem \u00e7iftlikler hem de mand\u0131ralar i\u00e7in) \u00f6zel yap\u0131m kaplar tedarik etmektedir. Anka Makine S\u00fct tanklar\u0131 ve Kaplar\u0131, tamamen kaynakl\u0131 yal\u0131t\u0131m ve kaplama, \u00e7ukur \/ yar\u0131m boru so\u011futma ceketleri ve entegre kar\u0131\u015ft\u0131r\u0131c\u0131lar vb. ile birlikte tedarik edilebilir. T\u00fcm Anka Makine S\u00fct \u00dcr\u00fcnleri Silolar\u0131 ve S\u00fct \u00dcr\u00fcnleri Tanklar\u0131 3A standard\u0131na uygun olarak g\u0131da s\u0131n\u0131f\u0131 finisaja tabi tutulur ve talep \u00fczerine T\u00dcV veya CE gibi ilgili sertifikalara sahip m\u00fc\u015fterilere tedarik edilir.<\/p>\t\t\t\t\t\t\t\t<\/div>\n\t\t\t\t<\/div>\n\t\t\t\t\t<\/div>\n\t\t<\/div>\n\t\t\t\t<div class=\"elementor-column elementor-col-50 elementor-top-column elementor-element elementor-element-a3b5e92\" data-id=\"a3b5e92\" data-element_type=\"column\" data-e-type=\"column\">\n\t\t\t<div class=\"elementor-widget-wrap elementor-element-populated\">\n\t\t\t\t\t\t<div class=\"elementor-element elementor-element-977b909 elementor-widget elementor-widget-image\" data-id=\"977b909\" data-element_type=\"widget\" data-e-type=\"widget\" data-widget_type=\"image.default\">\n\t\t\t\t<div class=\"elementor-widget-container\">\n\t\t\t\t\t\t\t\t\t\t\t\t\t\t\t<img loading=\"lazy\" decoding=\"async\" width=\"580\" height=\"459\" src=\"https:\/\/ankamakine.com\/wp-content\/uploads\/2023\/08\/hinox_proses_tanki.png\" class=\"attachment-large size-large wp-image-2539\" alt=\"\" srcset=\"https:\/\/ankamakine.com\/wp-content\/uploads\/2023\/08\/hinox_proses_tanki.png 580w, https:\/\/ankamakine.com\/wp-content\/uploads\/2023\/08\/hinox_proses_tanki-300x237.png 300w\" sizes=\"auto, (max-width: 580px) 100vw, 580px\" \/>\t\t\t\t\t\t\t\t\t\t\t\t\t\t\t<\/div>\n\t\t\t\t<\/div>\n\t\t\t\t\t<\/div>\n\t\t<\/div>\n\t\t\t\t\t<\/div>\n\t\t<\/section>\n\t\t\t\t<section class=\"elementor-section elementor-top-section elementor-element elementor-element-010d130 elementor-section-stretched elementor-section-boxed elementor-section-height-default elementor-section-height-default\" data-id=\"010d130\" data-element_type=\"section\" data-e-type=\"section\" data-settings=\"{&quot;stretch_section&quot;:&quot;section-stretched&quot;,&quot;background_background&quot;:&quot;classic&quot;}\">\n\t\t\t\t\t\t<div class=\"elementor-container elementor-column-gap-default\">\n\t\t\t\t\t<div class=\"elementor-column elementor-col-50 elementor-top-column elementor-element elementor-element-1025776\" data-id=\"1025776\" data-element_type=\"column\" data-e-type=\"column\">\n\t\t\t<div class=\"elementor-widget-wrap elementor-element-populated\">\n\t\t\t\t\t\t<div class=\"elementor-element elementor-element-a329882 elementor-widget elementor-widget-image\" data-id=\"a329882\" data-element_type=\"widget\" data-e-type=\"widget\" data-widget_type=\"image.default\">\n\t\t\t\t<div class=\"elementor-widget-container\">\n\t\t\t\t\t\t\t\t\t\t\t\t\t\t\t<img loading=\"lazy\" decoding=\"async\" width=\"900\" height=\"720\" src=\"https:\/\/ankamakine.com\/wp-content\/uploads\/2023\/08\/Photo_Sucrerie_4-1024x819.png\" class=\"attachment-large size-large wp-image-2540\" alt=\"\" srcset=\"https:\/\/ankamakine.com\/wp-content\/uploads\/2023\/08\/Photo_Sucrerie_4-1024x819.png 1024w, https:\/\/ankamakine.com\/wp-content\/uploads\/2023\/08\/Photo_Sucrerie_4-300x240.png 300w, https:\/\/ankamakine.com\/wp-content\/uploads\/2023\/08\/Photo_Sucrerie_4-768x614.png 768w, https:\/\/ankamakine.com\/wp-content\/uploads\/2023\/08\/Photo_Sucrerie_4.png 1280w\" sizes=\"auto, (max-width: 900px) 100vw, 900px\" \/>\t\t\t\t\t\t\t\t\t\t\t\t\t\t\t<\/div>\n\t\t\t\t<\/div>\n\t\t\t\t\t<\/div>\n\t\t<\/div>\n\t\t\t\t<div class=\"elementor-column elementor-col-50 elementor-top-column elementor-element elementor-element-b87c654\" data-id=\"b87c654\" data-element_type=\"column\" data-e-type=\"column\">\n\t\t\t<div class=\"elementor-widget-wrap elementor-element-populated\">\n\t\t\t\t\t\t<div class=\"elementor-element elementor-element-04d9a77 elementor-widget elementor-widget-heading\" data-id=\"04d9a77\" data-element_type=\"widget\" data-e-type=\"widget\" data-widget_type=\"heading.default\">\n\t\t\t\t<div class=\"elementor-widget-container\">\n\t\t\t\t\t<h2 class=\"elementor-heading-title elementor-size-default\">Kar\u0131\u015ft\u0131r\u0131c\u0131lar<\/h2>\t\t\t\t<\/div>\n\t\t\t\t<\/div>\n\t\t\t\t<div class=\"elementor-element elementor-element-a131a03 elementor-widget elementor-widget-text-editor\" data-id=\"a131a03\" data-element_type=\"widget\" data-e-type=\"widget\" data-widget_type=\"text-editor.default\">\n\t\t\t\t<div class=\"elementor-widget-container\">\n\t\t\t\t\t\t\t\t\t<p>Kar\u0131\u015ft\u0131r\u0131c\u0131lar\u0131m\u0131z esnek, mod\u00fcler bir tasar\u0131ma sahiptir ve bir kar\u0131\u015ft\u0131rma \u00e7\u00f6z\u00fcm\u00fcn\u00fc tam gereksinimlerinize g\u00f6re uyarlaman\u0131z\u0131 sa\u011flar. Kar\u0131\u015ft\u0131r\u0131c\u0131 yelpazesi, alttan destekli veya desteksiz \u00fcstten monteli \u00fcnitelerin yan\u0131 s\u0131ra alttan veya yandan monteli \u00fcniteleri de i\u00e7erir. Mod\u00fclerlik kurulum ve bak\u0131m kolayl\u0131\u011f\u0131 sa\u011flarken, \u00fcst\u00fcn tasar\u0131m kalite, performans ve ekonomi sa\u011flar. Amaca y\u00f6nelik olarak \u00fcretilen kar\u0131\u015ft\u0131r\u0131c\u0131lar, optimum ak\u0131\u015f\u0131 destekleyen p\u00fcr\u00fczs\u00fcz y\u00fczeylere sahiptir. Kar\u0131\u015ft\u0131r\u0131c\u0131lar\u0131m\u0131z prosesinize ve uygulaman\u0131za uyacak \u015fekilde yap\u0131land\u0131r\u0131l\u0131r. T\u00fcm end\u00fcstriyel kar\u0131\u015ft\u0131r\u0131c\u0131 serimiz i\u00e7in l\u00fctfen \u00fcr\u00fcnler sayfam\u0131za bak\u0131n veya do\u011frudan kar\u0131\u015ft\u0131r\u0131c\u0131 m\u00fchendisli\u011fimizle ileti\u015fime ge\u00e7mek istiyorsan\u0131z do\u011frudan kar\u0131\u015ft\u0131r\u0131c\u0131 sorgulama sayfam\u0131za gidin. \u00dcr\u00fcn ve proses ihtiya\u00e7lar\u0131n\u0131z\u0131 anlamaya \u00e7al\u0131\u015f\u0131yoruz, b\u00f6ylece bir kar\u0131\u015ft\u0131r\u0131c\u0131 ve mikseri buna g\u00f6re \u00f6zel olarak tasarlayabiliriz. Kimyasal \u00fcr\u00fcn\u00fcn\u00fcz\u00fc ve end\u00fcstriyel prosesinizi anlamam\u0131z, mikserinizin \u00e7\u00f6z\u00fcm\u00fcn bir par\u00e7as\u0131 olmas\u0131n\u0131 ve prosesinizde temel bir yetenek haline gelmesini sa\u011flar. M\u00fc\u015fterilerimizle olan bu ili\u015fki, \u00fcr\u00fcnlerimizin \u00e7o\u011funda benzersiz \u00c7\u00f6z\u00fcm G\u00fcvencemizi geni\u015fletmemize olanak tan\u0131r<\/p>\t\t\t\t\t\t\t\t<\/div>\n\t\t\t\t<\/div>\n\t\t\t\t\t<\/div>\n\t\t<\/div>\n\t\t\t\t\t<\/div>\n\t\t<\/section>\n\t\t\t\t<section class=\"elementor-section elementor-top-section elementor-element elementor-element-1c56c10 elementor-section-boxed elementor-section-height-default elementor-section-height-default\" data-id=\"1c56c10\" data-element_type=\"section\" data-e-type=\"section\">\n\t\t\t\t\t\t<div class=\"elementor-container elementor-column-gap-default\">\n\t\t\t\t\t<div class=\"elementor-column elementor-col-50 elementor-top-column elementor-element elementor-element-99abf73\" data-id=\"99abf73\" data-element_type=\"column\" data-e-type=\"column\">\n\t\t\t<div class=\"elementor-widget-wrap elementor-element-populated\">\n\t\t\t\t\t\t<div class=\"elementor-element elementor-element-520beea elementor-widget elementor-widget-heading\" data-id=\"520beea\" data-element_type=\"widget\" data-e-type=\"widget\" data-widget_type=\"heading.default\">\n\t\t\t\t<div class=\"elementor-widget-container\">\n\t\t\t\t\t<h2 class=\"elementor-heading-title elementor-size-default\">Homojenizat\u00f6rler<\/h2>\t\t\t\t<\/div>\n\t\t\t\t<\/div>\n\t\t\t\t<div class=\"elementor-element elementor-element-b39b80f elementor-widget elementor-widget-text-editor\" data-id=\"b39b80f\" data-element_type=\"widget\" data-e-type=\"widget\" data-widget_type=\"text-editor.default\">\n\t\t\t\t<div class=\"elementor-widget-container\">\n\t\t\t\t\t\t\t\t\t<p>Anka Makine Mikser Homojenizat\u00f6rleri h\u0131zl\u0131 ve etkilidir ve tipik olarak 2 - 5 mikron aral\u0131\u011f\u0131nda ince bir damlac\u0131k veya partik\u00fcl boyutu \u00fcretebilir. Bu homojenizasyon derecesi kremler ve merhemler, losyonlar, soslar ve aroma em\u00fclsiyonlar\u0131 gibi \u00fcr\u00fcnlerin b\u00fcy\u00fck \u00e7o\u011funlu\u011fu i\u00e7in uygundur. Anka Makine bu uygulamalar i\u00e7in bir dizi tank i\u00e7i ve hat i\u00e7i kar\u0131\u015ft\u0131r\u0131c\u0131 homojenizat\u00f6r sunmaktad\u0131r. Hassas i\u015flenmi\u015f Anka Makine \u00e7al\u0131\u015fma kafas\u0131, \u00fcr\u00fcn\u00fc gerekli homojenli\u011fe h\u0131zla homojenle\u015ftiren \u00fc\u00e7 a\u015famal\u0131 bir s\u00fcre\u00e7te ola\u011fan\u00fcst\u00fc y\u00fcksek kesme h\u0131zlar\u0131 \u00fcretir. Mikron alt\u0131 partik\u00fcl veya glob\u00fcl boyutlar\u0131 gerektiren az say\u0131da uygulama i\u00e7in y\u00fcksek bas\u0131n\u00e7l\u0131 homojenizat\u00f6r gerekebilir. Bu durumda, \u00fcr\u00fcn\u00fc \u00f6nce y\u00fcksek par\u00e7alay\u0131c\u0131l\u0131 bir Anka Makine Mikser Homojenizat\u00f6r\u00fcnden ge\u00e7irmek verimi, proses verimlili\u011fini \u00f6nemli \u00f6l\u00e7\u00fcde art\u0131racak ve i\u015fletme maliyetlerini azaltacakt\u0131r. Bunun nedeni, y\u00fcksek bas\u0131n\u00e7l\u0131 homojenizat\u00f6r\u00fcn homojen ve ince k\u00fcrecik veya partik\u00fcl boyutuna sahip bir \u00f6n kar\u0131\u015f\u0131mla beslendi\u011finde daha iyi \u00e7al\u0131\u015fmas\u0131 ve \u00fcr\u00fcn\u00fcn homojenizat\u00f6rden \u00e7ok daha h\u0131zl\u0131 bir \u015fekilde, normalde tek bir ge\u00e7i\u015fte ge\u00e7mesine izin vermesidir.<\/p>\t\t\t\t\t\t\t\t<\/div>\n\t\t\t\t<\/div>\n\t\t\t\t\t<\/div>\n\t\t<\/div>\n\t\t\t\t<div class=\"elementor-column elementor-col-50 elementor-top-column elementor-element elementor-element-9e997b2\" data-id=\"9e997b2\" data-element_type=\"column\" data-e-type=\"column\">\n\t\t\t<div class=\"elementor-widget-wrap elementor-element-populated\">\n\t\t\t\t\t\t<div class=\"elementor-element elementor-element-990dcc3 elementor-widget elementor-widget-image\" data-id=\"990dcc3\" data-element_type=\"widget\" data-e-type=\"widget\" data-widget_type=\"image.default\">\n\t\t\t\t<div class=\"elementor-widget-container\">\n\t\t\t\t\t\t\t\t\t\t\t\t\t\t\t<img loading=\"lazy\" decoding=\"async\" width=\"900\" height=\"675\" src=\"https:\/\/ankamakine.com\/wp-content\/uploads\/2023\/08\/HST-Homogenizer-HL2-1-1024x768.jpg\" class=\"attachment-large size-large wp-image-2541\" alt=\"\" srcset=\"https:\/\/ankamakine.com\/wp-content\/uploads\/2023\/08\/HST-Homogenizer-HL2-1-1024x768.jpg 1024w, https:\/\/ankamakine.com\/wp-content\/uploads\/2023\/08\/HST-Homogenizer-HL2-1-300x225.jpg 300w, https:\/\/ankamakine.com\/wp-content\/uploads\/2023\/08\/HST-Homogenizer-HL2-1-768x576.jpg 768w, https:\/\/ankamakine.com\/wp-content\/uploads\/2023\/08\/HST-Homogenizer-HL2-1.jpg 1200w\" sizes=\"auto, (max-width: 900px) 100vw, 900px\" \/>\t\t\t\t\t\t\t\t\t\t\t\t\t\t\t<\/div>\n\t\t\t\t<\/div>\n\t\t\t\t\t<\/div>\n\t\t<\/div>\n\t\t\t\t\t<\/div>\n\t\t<\/section>\n\t\t\t\t<section class=\"elementor-section elementor-top-section elementor-element elementor-element-071978e elementor-section-stretched elementor-section-boxed elementor-section-height-default elementor-section-height-default\" data-id=\"071978e\" data-element_type=\"section\" data-e-type=\"section\" data-settings=\"{&quot;stretch_section&quot;:&quot;section-stretched&quot;,&quot;background_background&quot;:&quot;classic&quot;}\">\n\t\t\t\t\t\t<div class=\"elementor-container elementor-column-gap-default\">\n\t\t\t\t\t<div class=\"elementor-column elementor-col-50 elementor-top-column elementor-element elementor-element-6355356\" data-id=\"6355356\" data-element_type=\"column\" data-e-type=\"column\">\n\t\t\t<div class=\"elementor-widget-wrap elementor-element-populated\">\n\t\t\t\t\t\t<div class=\"elementor-element elementor-element-6c83ee4 elementor-widget elementor-widget-image\" data-id=\"6c83ee4\" data-element_type=\"widget\" data-e-type=\"widget\" data-widget_type=\"image.default\">\n\t\t\t\t<div class=\"elementor-widget-container\">\n\t\t\t\t\t\t\t\t\t\t\t\t\t\t\t<img loading=\"lazy\" decoding=\"async\" width=\"600\" height=\"450\" src=\"https:\/\/ankamakine.com\/wp-content\/uploads\/2023\/08\/mixer.jpeg\" class=\"attachment-large size-large wp-image-2542\" alt=\"\" srcset=\"https:\/\/ankamakine.com\/wp-content\/uploads\/2023\/08\/mixer.jpeg 600w, https:\/\/ankamakine.com\/wp-content\/uploads\/2023\/08\/mixer-300x225.jpeg 300w\" sizes=\"auto, (max-width: 600px) 100vw, 600px\" \/>\t\t\t\t\t\t\t\t\t\t\t\t\t\t\t<\/div>\n\t\t\t\t<\/div>\n\t\t\t\t\t<\/div>\n\t\t<\/div>\n\t\t\t\t<div class=\"elementor-column elementor-col-50 elementor-top-column elementor-element elementor-element-b927b66\" data-id=\"b927b66\" data-element_type=\"column\" data-e-type=\"column\">\n\t\t\t<div class=\"elementor-widget-wrap elementor-element-populated\">\n\t\t\t\t\t\t<div class=\"elementor-element elementor-element-fd79128 elementor-widget elementor-widget-heading\" data-id=\"fd79128\" data-element_type=\"widget\" data-e-type=\"widget\" data-widget_type=\"heading.default\">\n\t\t\t\t<div class=\"elementor-widget-container\">\n\t\t\t\t\t<h2 class=\"elementor-heading-title elementor-size-default\">Mikserler<\/h2>\t\t\t\t<\/div>\n\t\t\t\t<\/div>\n\t\t\t\t<div class=\"elementor-element elementor-element-2c9700d elementor-widget elementor-widget-text-editor\" data-id=\"2c9700d\" data-element_type=\"widget\" data-e-type=\"widget\" data-widget_type=\"text-editor.default\">\n\t\t\t\t<div class=\"elementor-widget-container\">\n\t\t\t\t\t\t\t\t\t<p>Anka Makine'de bir kar\u0131\u015ft\u0131r\u0131c\u0131dan daha fazlas\u0131n\u0131 elde edersiniz... kar\u0131\u015ft\u0131rma \u00e7\u00f6z\u00fcmleri elde edersiniz. Yiyecek ve i\u00e7ecek end\u00fcstrisinin kar\u0131\u015ft\u0131rma zorluklar\u0131n\u0131n benzersiz oldu\u011funu ve s\u00fcrekli de\u011fi\u015fti\u011fini biliyoruz. Bu nedenle uzmanlar\u0131m\u0131z, \u00f6zel kullan\u0131m\u0131n\u0131z i\u00e7in do\u011fru mikseri ald\u0131\u011f\u0131n\u0131zdan emin olmak i\u00e7in sizinle birlikte \u00e7al\u0131\u015facakt\u0131r. \u00dcretim s\u00fcrelerini k\u0131saltma, proses hijyeni, toz\/s\u0131v\u0131 kar\u0131\u015ft\u0131rma, stabil em\u00fclsiyonlar \u00fcretme, \u015fekeri \u00e7\u00f6zme, kat\u0131lar\u0131 par\u00e7alama, farkl\u0131 viskozitelerdeki s\u0131v\u0131lar\u0131 kar\u0131\u015ft\u0131rma veya sak\u0131zlar\u0131, k\u0131vam artt\u0131r\u0131c\u0131lar\u0131 ve stabilizat\u00f6rleri da\u011f\u0131tma ve hidratlama ile ilgileniyorsan\u0131z, Anka Makine'nin sizin i\u00e7in bir kar\u0131\u015ft\u0131rma \u00e7\u00f6z\u00fcm\u00fc vard\u0131r. G\u0131da uygulamalar\u0131 i\u00e7in ideal olan \u00e7ok \u00e7e\u015fitli y\u00fcksek par\u00e7alay\u0131c\u0131l\u0131 g\u0131da kar\u0131\u015ft\u0131r\u0131c\u0131lar\u0131m\u0131z mevcuttur ve di\u011fer ekipman tedarik\u00e7ilerinden farkl\u0131 olarak Anka Makine, tam spesifikasyonlar\u0131n\u0131z\u0131 kar\u015f\u0131lamak i\u00e7in \u00f6zel tasar\u0131m ve makine \u00fcretme esnekli\u011fine sahiptir. Dolay\u0131s\u0131yla, uygulaman\u0131z ister soslar ve soslar, yo\u011furtlar, bebek mamalar\u0131, j\u00f6leler ve konserveler isterse ba\u015fka bir dizi uygulama olsun, ilk seferde do\u011fru yapman\u0131za yard\u0131mc\u0131 olabiliriz.<\/p>\t\t\t\t\t\t\t\t<\/div>\n\t\t\t\t<\/div>\n\t\t\t\t\t<\/div>\n\t\t<\/div>\n\t\t\t\t\t<\/div>\n\t\t<\/section>\n\t\t\t\t<section class=\"elementor-section elementor-top-section elementor-element elementor-element-f02d0eb elementor-section-boxed elementor-section-height-default elementor-section-height-default\" data-id=\"f02d0eb\" data-element_type=\"section\" data-e-type=\"section\">\n\t\t\t\t\t\t<div class=\"elementor-container elementor-column-gap-default\">\n\t\t\t\t\t<div class=\"elementor-column elementor-col-50 elementor-top-column elementor-element elementor-element-2b6c362\" data-id=\"2b6c362\" data-element_type=\"column\" data-e-type=\"column\">\n\t\t\t<div class=\"elementor-widget-wrap elementor-element-populated\">\n\t\t\t\t\t\t<div class=\"elementor-element elementor-element-f1dca27 elementor-widget elementor-widget-heading\" data-id=\"f1dca27\" data-element_type=\"widget\" data-e-type=\"widget\" data-widget_type=\"heading.default\">\n\t\t\t\t<div class=\"elementor-widget-container\">\n\t\t\t\t\t<h2 class=\"elementor-heading-title elementor-size-default\">Em\u00fclgat\u00f6rler<\/h2>\t\t\t\t<\/div>\n\t\t\t\t<\/div>\n\t\t\t\t<div class=\"elementor-element elementor-element-f48c665 elementor-widget elementor-widget-text-editor\" data-id=\"f48c665\" data-element_type=\"widget\" data-e-type=\"widget\" data-widget_type=\"text-editor.default\">\n\t\t\t\t<div class=\"elementor-widget-container\">\n\t\t\t\t\t\t\t\t\t<p>Suya ya\u011f ekleyin ve iki s\u0131v\u0131 asla kar\u0131\u015fmayacakt\u0131r. En az\u0131ndan bir em\u00fclgat\u00f6r eklenene kadar. Em\u00fclgat\u00f6rler, bir ucu suyu seven (hidrofilik) ve bir ucu ya\u011f\u0131 seven (hidrofobik) molek\u00fcllerdir. Su ve ya\u011f\u0131n birbiri i\u00e7inde ince bir \u015fekilde da\u011f\u0131lmas\u0131n\u0131 m\u00fcmk\u00fcn k\u0131larak kararl\u0131, homojen, p\u00fcr\u00fczs\u00fcz bir em\u00fclsiyon olu\u015ftururlar.<\/p>\t\t\t\t\t\t\t\t<\/div>\n\t\t\t\t<\/div>\n\t\t\t\t\t<\/div>\n\t\t<\/div>\n\t\t\t\t<div class=\"elementor-column elementor-col-50 elementor-top-column elementor-element elementor-element-dbbcdd3\" data-id=\"dbbcdd3\" data-element_type=\"column\" data-e-type=\"column\">\n\t\t\t<div class=\"elementor-widget-wrap elementor-element-populated\">\n\t\t\t\t\t\t<div class=\"elementor-element elementor-element-e3d53f9 elementor-widget elementor-widget-image\" data-id=\"e3d53f9\" data-element_type=\"widget\" data-e-type=\"widget\" data-widget_type=\"image.default\">\n\t\t\t\t<div class=\"elementor-widget-container\">\n\t\t\t\t\t\t\t\t\t\t\t\t\t\t\t<img loading=\"lazy\" decoding=\"async\" width=\"600\" height=\"450\" src=\"https:\/\/ankamakine.com\/wp-content\/uploads\/2023\/08\/mixer.jpeg\" class=\"attachment-large size-large wp-image-2542\" alt=\"\" srcset=\"https:\/\/ankamakine.com\/wp-content\/uploads\/2023\/08\/mixer.jpeg 600w, https:\/\/ankamakine.com\/wp-content\/uploads\/2023\/08\/mixer-300x225.jpeg 300w\" sizes=\"auto, (max-width: 600px) 100vw, 600px\" \/>\t\t\t\t\t\t\t\t\t\t\t\t\t\t\t<\/div>\n\t\t\t\t<\/div>\n\t\t\t\t\t<\/div>\n\t\t<\/div>\n\t\t\t\t\t<\/div>\n\t\t<\/section>\n\t\t\t\t<\/div>","protected":false},"excerpt":{"rendered":"<p>Tanks Anka Makine has long years of experience in manufacturing stainless steel tanks for milk and Dairy processing. Anka Makine supplies custom-made vessels for all Dairy milk process stages (both for farms and for dairies), including Stainless steel Dairy Bulk milk coolers, Dairy storage Silos up to 250 m3, Dairy Aseptic tanks, Dairy Fermentation tanks, [&hellip;]<\/p>\n","protected":false},"author":1,"featured_media":0,"parent":2336,"menu_order":0,"comment_status":"closed","ping_status":"closed","template":"","meta":{"_acf_changed":false,"nf_dc_page":"","inline_featured_image":false,"footnotes":""},"class_list":["post-2525","page","type-page","status-publish","hentry"],"acf":[],"_links":{"self":[{"href":"https:\/\/ankamakine.com\/tr\/wp-json\/wp\/v2\/pages\/2525","targetHints":{"allow":["GET"]}}],"collection":[{"href":"https:\/\/ankamakine.com\/tr\/wp-json\/wp\/v2\/pages"}],"about":[{"href":"https:\/\/ankamakine.com\/tr\/wp-json\/wp\/v2\/types\/page"}],"author":[{"embeddable":true,"href":"https:\/\/ankamakine.com\/tr\/wp-json\/wp\/v2\/users\/1"}],"replies":[{"embeddable":true,"href":"https:\/\/ankamakine.com\/tr\/wp-json\/wp\/v2\/comments?post=2525"}],"version-history":[{"count":10,"href":"https:\/\/ankamakine.com\/tr\/wp-json\/wp\/v2\/pages\/2525\/revisions"}],"predecessor-version":[{"id":2572,"href":"https:\/\/ankamakine.com\/tr\/wp-json\/wp\/v2\/pages\/2525\/revisions\/2572"}],"up":[{"embeddable":true,"href":"https:\/\/ankamakine.com\/tr\/wp-json\/wp\/v2\/pages\/2336"}],"wp:attachment":[{"href":"https:\/\/ankamakine.com\/tr\/wp-json\/wp\/v2\/media?parent=2525"}],"curies":[{"name":"wp","href":"https:\/\/api.w.org\/{rel}","templated":true}]}}