{"id":2519,"date":"2023-08-06T22:33:04","date_gmt":"2023-08-06T19:33:04","guid":{"rendered":"http:\/\/anka.eticra.com\/?page_id=2519"},"modified":"2023-10-20T15:35:56","modified_gmt":"2023-10-20T12:35:56","slug":"evaporators","status":"publish","type":"page","link":"https:\/\/ankamakine.com\/tr\/urunlerimiz-2\/evaporatorler\/","title":{"rendered":"Evaporat\u00f6rler"},"content":{"rendered":"<div data-elementor-type=\"wp-page\" data-elementor-id=\"2519\" class=\"elementor elementor-2519\">\n\t\t\t\t\t\t<div class=\"elementor-section elementor-top-section elementor-element elementor-element-2c3c47a elementor-section-stretched elementor-section-boxed elementor-section-height-default elementor-section-height-default\" data-id=\"2c3c47a\" data-element_type=\"section\" data-e-type=\"section\" data-settings=\"{&quot;background_background&quot;:&quot;classic&quot;,&quot;stretch_section&quot;:&quot;section-stretched&quot;}\">\n\t\t\t\t\t\t\t<div class=\"elementor-background-overlay\"><\/div>\n\t\t\t\t\t\t\t<div class=\"elementor-container elementor-column-gap-default\">\n\t\t\t\t\t<div class=\"elementor-column elementor-col-100 elementor-top-column elementor-element elementor-element-214c95c\" data-id=\"214c95c\" data-element_type=\"column\" data-e-type=\"column\">\n\t\t\t<div class=\"elementor-widget-wrap elementor-element-populated\">\n\t\t\t\t\t\t<div class=\"elementor-section elementor-inner-section elementor-element elementor-element-d6097fb elementor-section-boxed elementor-section-height-default elementor-section-height-default\" data-id=\"d6097fb\" data-element_type=\"section\" data-e-type=\"section\">\n\t\t\t\t\t\t<div class=\"elementor-container elementor-column-gap-extended\">\n\t\t\t\t\t<div class=\"elementor-column elementor-col-50 elementor-inner-column elementor-element elementor-element-26224da\" data-id=\"26224da\" data-element_type=\"column\" data-e-type=\"column\">\n\t\t\t<div class=\"elementor-widget-wrap elementor-element-populated\">\n\t\t\t\t\t\t<div class=\"elementor-element elementor-element-bd13b69 elementor-widget elementor-widget-heading\" data-id=\"bd13b69\" data-element_type=\"widget\" data-e-type=\"widget\" data-widget_type=\"heading.default\">\n\t\t\t\t<div class=\"elementor-widget-container\">\n\t\t\t\t\t<h6 class=\"elementor-heading-title elementor-size-default\">ANKA MAK\u0130NE<\/h6>\t\t\t\t<\/div>\n\t\t\t\t<\/div>\n\t\t\t\t<div class=\"elementor-element elementor-element-38f1c34 elementor-widget elementor-widget-heading\" data-id=\"38f1c34\" data-element_type=\"widget\" data-e-type=\"widget\" data-widget_type=\"heading.default\">\n\t\t\t\t<div class=\"elementor-widget-container\">\n\t\t\t\t\t<h2 class=\"elementor-heading-title elementor-size-default\">Evaporat\u00f6rler<\/h2>\t\t\t\t<\/div>\n\t\t\t\t<\/div>\n\t\t\t\t\t<\/div>\n\t\t<\/div>\n\t\t\t\t<div class=\"elementor-column elementor-col-50 elementor-inner-column elementor-element elementor-element-d74fcea elementor-hidden-tablet elementor-hidden-mobile\" data-id=\"d74fcea\" data-element_type=\"column\" data-e-type=\"column\">\n\t\t\t<div class=\"elementor-widget-wrap elementor-element-populated\">\n\t\t\t\t\t\t<div class=\"elementor-element elementor-element-20dacd9 brAccent elementor-widget elementor-widget-text-editor\" data-id=\"20dacd9\" data-element_type=\"widget\" data-e-type=\"widget\" data-widget_type=\"text-editor.default\">\n\t\t\t\t<div class=\"elementor-widget-container\">\n\t\t\t\t\t\t\t\t\t<p>Anka Makine, neredeyse t\u00fcm toz uygulamalar\u0131 i\u00e7in geni\u015f bir evaporat\u00f6r yelpazesi sunmaktad\u0131r.<\/p>\t\t\t\t\t\t\t\t<\/div>\n\t\t\t\t<\/div>\n\t\t\t\t<div class=\"elementor-element elementor-element-7947511 elementor-align-justify elementor-widget__width-initial elementor-absolute elementor-widget elementor-widget-button\" data-id=\"7947511\" data-element_type=\"widget\" data-e-type=\"widget\" data-settings=\"{&quot;_position&quot;:&quot;absolute&quot;}\" data-widget_type=\"button.default\">\n\t\t\t\t<div class=\"elementor-widget-container\">\n\t\t\t\t\t\t\t\t\t<div class=\"elementor-button-wrapper\">\n\t\t\t\t\t<a class=\"elementor-button elementor-button-link elementor-size-sm\" href=\"https:\/\/ankamakine.com\/tr\/urunlerimiz-2\/\">\n\t\t\t\t\t\t<span class=\"elementor-button-content-wrapper\">\n\t\t\t\t\t\t\t\t\t<span class=\"elementor-button-text\">T\u00dcM \u00dcR\u00dcNLER<\/span>\n\t\t\t\t\t<\/span>\n\t\t\t\t\t<\/a>\n\t\t\t\t<\/div>\n\t\t\t\t\t\t\t\t<\/div>\n\t\t\t\t<\/div>\n\t\t\t\t\t<\/div>\n\t\t<\/div>\n\t\t\t\t\t<\/div>\n\t\t<\/div>\n\t\t\t\t<div class=\"elementor-section elementor-inner-section elementor-element elementor-element-240dd0f elementor-section-boxed elementor-section-height-default elementor-section-height-default\" data-id=\"240dd0f\" data-element_type=\"section\" data-e-type=\"section\">\n\t\t\t\t\t\t<div class=\"elementor-container elementor-column-gap-extended\">\n\t\t\t\t\t<div class=\"elementor-column elementor-col-50 elementor-inner-column elementor-element elementor-element-0ba4cea\" data-id=\"0ba4cea\" data-element_type=\"column\" data-e-type=\"column\">\n\t\t\t<div class=\"elementor-widget-wrap elementor-element-populated\">\n\t\t\t\t\t\t<div class=\"elementor-element elementor-element-b0e6713 elementor-position-top elementor-widget elementor-widget-image-box\" data-id=\"b0e6713\" data-element_type=\"widget\" data-e-type=\"widget\" data-widget_type=\"image-box.default\">\n\t\t\t\t<div class=\"elementor-widget-container\">\n\t\t\t\t\t<div class=\"elementor-image-box-wrapper\"><figure class=\"elementor-image-box-img\"><a href=\"https:\/\/ankamakine.com\/tr\/urunlerimiz-2\/evaporatorler\/dusen-film-buharlastiricilar\/\" tabindex=\"-1\"><img loading=\"lazy\" decoding=\"async\" width=\"800\" height=\"400\" src=\"https:\/\/ankamakine.com\/wp-content\/uploads\/2023\/10\/falling.jpg\" class=\"attachment-full size-full wp-image-2777\" alt=\"\" srcset=\"https:\/\/ankamakine.com\/wp-content\/uploads\/2023\/10\/falling.jpg 800w, https:\/\/ankamakine.com\/wp-content\/uploads\/2023\/10\/falling-300x150.jpg 300w, https:\/\/ankamakine.com\/wp-content\/uploads\/2023\/10\/falling-768x384.jpg 768w, https:\/\/ankamakine.com\/wp-content\/uploads\/2023\/10\/falling-18x9.jpg 18w\" sizes=\"auto, (max-width: 800px) 100vw, 800px\" \/><\/a><\/figure><div class=\"elementor-image-box-content\"><h3 class=\"elementor-image-box-title\"><a href=\"https:\/\/ankamakine.com\/tr\/urunlerimiz-2\/evaporatorler\/dusen-film-buharlastiricilar\/\">D\u00fc\u015fen Film Evaporat\u00f6rler<\/a><\/h3><p class=\"elementor-image-box-description\">D\u00fc\u015fen Film Borulu Evaporat\u00f6r, buhar ay\u0131r\u0131c\u0131, kondenser ve pompalara sahip bir veya daha fazla dikey borulu \u0131s\u0131 e\u015fanj\u00f6r\u00fcnden olu\u015fur.<\/p><\/div><\/div>\t\t\t\t<\/div>\n\t\t\t\t<\/div>\n\t\t\t\t\t<\/div>\n\t\t<\/div>\n\t\t\t\t<div class=\"elementor-column elementor-col-50 elementor-inner-column elementor-element elementor-element-ca7bb2e\" data-id=\"ca7bb2e\" data-element_type=\"column\" data-e-type=\"column\">\n\t\t\t<div class=\"elementor-widget-wrap elementor-element-populated\">\n\t\t\t\t\t\t<div class=\"elementor-element elementor-element-347a089 elementor-position-top elementor-widget elementor-widget-image-box\" data-id=\"347a089\" data-element_type=\"widget\" data-e-type=\"widget\" data-widget_type=\"image-box.default\">\n\t\t\t\t<div class=\"elementor-widget-container\">\n\t\t\t\t\t<div class=\"elementor-image-box-wrapper\"><figure class=\"elementor-image-box-img\"><a href=\"https:\/\/ankamakine.com\/tr\/urunlerimiz-2\/evaporatorler\/cebri-sirkulasyonlu-evaporator\/\" tabindex=\"-1\"><img loading=\"lazy\" decoding=\"async\" width=\"800\" height=\"400\" src=\"https:\/\/ankamakine.com\/wp-content\/uploads\/2023\/10\/forced.jpg\" class=\"attachment-full size-full wp-image-2778\" alt=\"\" srcset=\"https:\/\/ankamakine.com\/wp-content\/uploads\/2023\/10\/forced.jpg 800w, https:\/\/ankamakine.com\/wp-content\/uploads\/2023\/10\/forced-300x150.jpg 300w, https:\/\/ankamakine.com\/wp-content\/uploads\/2023\/10\/forced-768x384.jpg 768w, https:\/\/ankamakine.com\/wp-content\/uploads\/2023\/10\/forced-18x9.jpg 18w\" sizes=\"auto, (max-width: 800px) 100vw, 800px\" \/><\/a><\/figure><div class=\"elementor-image-box-content\"><h3 class=\"elementor-image-box-title\"><a href=\"https:\/\/ankamakine.com\/tr\/urunlerimiz-2\/evaporatorler\/cebri-sirkulasyonlu-evaporator\/\">Cebri Sirk\u00fclasyonlu Evaporat\u00f6rler<\/a><\/h3><p class=\"elementor-image-box-description\">Cebri Sirk\u00fclasyonlu evaporat\u00f6r, y\u00fcksek kat\u0131 madde i\u00e7eri\u011fine, y\u00fcksek viskoziteye, kirlenme e\u011filimine sahip s\u0131v\u0131lar\u0131n buharla\u015ft\u0131r\u0131lmas\u0131 ve ayr\u0131ca kristalle\u015ftiriciler i\u00e7in tasarlanm\u0131\u015ft\u0131r.<\/p><\/div><\/div>\t\t\t\t<\/div>\n\t\t\t\t<\/div>\n\t\t\t\t\t<\/div>\n\t\t<\/div>\n\t\t\t\t\t<\/div>\n\t\t<\/div>\n\t\t\t\t\t<\/div>\n\t\t<\/div>\n\t\t\t\t\t<\/div>\n\t\t<\/div>\n\t\t\t\t<div class=\"elementor-section elementor-top-section elementor-element elementor-element-3b2d73b shadow elementor-section-stretched elementor-section-boxed elementor-section-height-default elementor-section-height-default\" data-id=\"3b2d73b\" data-element_type=\"section\" data-e-type=\"section\" data-settings=\"{&quot;background_background&quot;:&quot;classic&quot;,&quot;stretch_section&quot;:&quot;section-stretched&quot;}\">\n\t\t\t\t\t\t<div class=\"elementor-container elementor-column-gap-default\">\n\t\t\t\t\t<div class=\"elementor-column elementor-col-100 elementor-top-column elementor-element elementor-element-3601dea\" data-id=\"3601dea\" data-element_type=\"column\" data-e-type=\"column\">\n\t\t\t<div class=\"elementor-widget-wrap elementor-element-populated\">\n\t\t\t\t\t\t<section class=\"elementor-section elementor-inner-section elementor-element elementor-element-4588ae9 elementor-section-boxed elementor-section-height-default elementor-section-height-default\" data-id=\"4588ae9\" data-element_type=\"section\" data-e-type=\"section\">\n\t\t\t\t\t\t<div class=\"elementor-container elementor-column-gap-default\">\n\t\t\t\t\t<div class=\"elementor-column elementor-col-50 elementor-inner-column elementor-element elementor-element-6f4bb43\" data-id=\"6f4bb43\" data-element_type=\"column\" data-e-type=\"column\">\n\t\t\t<div class=\"elementor-widget-wrap elementor-element-populated\">\n\t\t\t\t\t\t<div class=\"elementor-element elementor-element-b705f53 elementor-widget elementor-widget-text-editor\" data-id=\"b705f53\" data-element_type=\"widget\" data-e-type=\"widget\" data-widget_type=\"text-editor.default\">\n\t\t\t\t<div class=\"elementor-widget-container\">\n\t\t\t\t\t\t\t\t\t<p>Buharla\u015ft\u0131rma, \u00fcr\u00fcn hacmini azaltmak, kurutmadan \u00f6nce suyu uzakla\u015ft\u0131rmak ve \u00fcr\u00fcn\u00fcn depolama \u00f6mr\u00fcn\u00fc art\u0131rmak i\u00e7in kullan\u0131l\u0131r.<\/p><p>Buharla\u015ft\u0131rma, su veya di\u011fer s\u0131v\u0131lar\u0131 uzakla\u015ft\u0131rman\u0131n y\u00fcksek enerji verimlili\u011fine sahip bir yoludur ve bu nedenle konsantre \u00fcretimi i\u00e7in birincil i\u015flemdir.<\/p><p>Anka Makine, genel tesis maliyet etkinli\u011fini art\u0131rmak i\u00e7in s\u00fcrekli olarak evaporat\u00f6r tasar\u0131m\u0131n\u0131 geli\u015ftirmeye \u00e7al\u0131\u015fmaktad\u0131r. Bu, ilgili uygulama i\u00e7in enerji t\u00fcketimi, bekleme s\u00fcresi ve kabul edilebilir konsantre kalitesi aras\u0131ndaki dengenin sa\u011flanmas\u0131yla ger\u00e7ekle\u015ftirilir.<\/p><p>Anka Makine evaporat\u00f6r teknolojisi \u00f6zellikle Ni\u015fasta ve Biyo-etanol end\u00fcstrileri i\u00e7in tasarlan\u0131rken, Anka Makine teknolojisi ni\u015fasta, s\u00fct \u00fcr\u00fcnleri, g\u0131da, bira, kimyasallar ve ila\u00e7 \u00fcretimi i\u00e7in \u00f6nerilmektedir.<\/p>\t\t\t\t\t\t\t\t<\/div>\n\t\t\t\t<\/div>\n\t\t\t\t\t<\/div>\n\t\t<\/div>\n\t\t\t\t<div class=\"elementor-column elementor-col-50 elementor-inner-column elementor-element elementor-element-8fa096a\" data-id=\"8fa096a\" data-element_type=\"column\" data-e-type=\"column\">\n\t\t\t<div class=\"elementor-widget-wrap elementor-element-populated\">\n\t\t\t\t\t\t<div class=\"elementor-element elementor-element-05f92fb elementor-widget elementor-widget-heading\" data-id=\"05f92fb\" data-element_type=\"widget\" data-e-type=\"widget\" data-widget_type=\"heading.default\">\n\t\t\t\t<div class=\"elementor-widget-container\">\n\t\t\t\t\t<h2 class=\"elementor-heading-title elementor-size-default\">Anka Makine'nin Benzersiz Tasar\u0131m\u0131<\/h2>\t\t\t\t<\/div>\n\t\t\t\t<\/div>\n\t\t\t\t<div class=\"elementor-element elementor-element-a73a553 elementor-widget elementor-widget-text-editor\" data-id=\"a73a553\" data-element_type=\"widget\" data-e-type=\"widget\" data-widget_type=\"text-editor.default\">\n\t\t\t\t<div class=\"elementor-widget-container\">\n\t\t\t\t\t\t\t\t\t\n<ul class=\"list-style2\">\n \t<li>Y\u00fcksek enerji verimlili\u011fi.<\/li>\n \t<li>Y\u00fcksek \u00dcr\u00fcn Kalitesi.<\/li>\n \t<li>Kompakt tasar\u0131m.<\/li>\n \t<li>Kolay kullan\u0131m ve otomatik kontrol.<\/li>\n \t<li>Gerekli minimum insan g\u00fcc\u00fc.<\/li>\n \t<li>D\u00fc\u015f\u00fck i\u015fletme ve bak\u0131m maliyeti.<\/li>\n<\/ul>\t\t\t\t\t\t\t\t<\/div>\n\t\t\t\t<\/div>\n\t\t\t\t\t<\/div>\n\t\t<\/div>\n\t\t\t\t\t<\/div>\n\t\t<\/section>\n\t\t\t\t<div class=\"elementor-element elementor-element-b71e713 colorAccent pp-divider-center elementor-widget elementor-widget-pp-divider\" data-id=\"b71e713\" data-element_type=\"widget\" data-e-type=\"widget\" data-widget_type=\"pp-divider.default\">\n\t\t\t\t<div class=\"elementor-widget-container\">\n\t\t\t\t\t\t\t<div class=\"pp-divider-wrap\">\n\t\t\t\t\t\t\t<div class=\"divider-text-container\">\n\t\t\t\t\t<div class=\"divider-text-wrap\">\n\t\t\t\t\t\t<span class=\"pp-divider-border-wrap divider-border-left\">\n\t\t\t\t\t\t\t<span class=\"divider-border\"><\/span>\n\t\t\t\t\t\t<\/span>\n\t\t\t\t\t\t<span class=\"pp-divider-content\">\n\t\t\t\t\t\t\t\t\t\t\t\t\t\t\t<span class=\"pp-divider-text\">\n\t\t\t\t\t\t\t\t\tM\u00dc\u015eTER\u0130LER\u0130M\u0130Z Bize g\u00fcvenin\t\t\t\t\t\t\t\t<\/span>\n\t\t\t\t\t\t\t\t\t\t\t\t\t\t<\/span>\n\t\t\t\t\t\t<span class=\"pp-divider-border-wrap divider-border-right\">\n\t\t\t\t\t\t\t<span class=\"divider-border\"><\/span>\n\t\t\t\t\t\t<\/span>\n\t\t\t\t\t<\/div>\n\t\t\t\t<\/div>\n\t\t\t\t\t\t<\/div>    \n\t\t\t\t\t\t<\/div>\n\t\t\t\t<\/div>\n\t\t\t\t<div class=\"elementor-element elementor-element-e84fa1f shadow elementor-widget elementor-widget-pp-logo-carousel\" data-id=\"e84fa1f\" data-element_type=\"widget\" data-e-type=\"widget\" data-widget_type=\"pp-logo-carousel.default\">\n\t\t\t\t<div class=\"elementor-widget-container\">\n\t\t\t\t\t\t\t<div class=\"swiper-container-wrap\">\n\t\t\t<div class=\"pp-logo-carousel pp-swiper-slider swiper grayscale-normal\" data-slider-settings=\"{&quot;effect&quot;:&quot;slide&quot;,&quot;speed&quot;:400,&quot;slides_per_view&quot;:6,&quot;space_between&quot;:30,&quot;auto_height&quot;:false,&quot;loop&quot;:&quot;yes&quot;,&quot;autoplay&quot;:&quot;yes&quot;,&quot;autoplay_speed&quot;:3000,&quot;pause_on_interaction&quot;:&quot;&quot;,&quot;slides_per_view_mobile&quot;:3,&quot;space_between_mobile&quot;:10,&quot;slides_per_view_tablet&quot;:4,&quot;space_between_tablet&quot;:10}\">\n\t\t\t\t<div class=\"swiper-wrapper\">\n\t\t\t\t\t\t\t\t\t\t\t<div class=\"swiper-slide\">\n\t\t\t\t\t\t\t\t<div class=\"pp-lc-logo-wrap\">\n\t\t\t\t\t\t\t\t\t<div class=\"pp-lc-logo\">\n\t\t\t\t\t\t\t\t\t\t\t\t\t\t\t\t\t\t\t\t\t\t<img decoding=\"async\" loading=\"lazy\" src=\"https:\/\/ankamakine.com\/wp-content\/uploads\/2023\/08\/29122016105032888.jpg\" alt=\"29122016105032888\">\n\t\t\t\t\t\t\t\t\t\t\t\t\t\t\t\t\t\t\t\t\t<\/div>\n\t\t\t\t\t\t\t\t\t\t\t\t\t\t\t\t\t<\/div>\n\t\t\t\t\t\t\t<\/div>\n\t\t\t\t\t\t\t\t\t\t\t\t\t\t<div class=\"swiper-slide\">\n\t\t\t\t\t\t\t\t<div class=\"pp-lc-logo-wrap\">\n\t\t\t\t\t\t\t\t\t<div class=\"pp-lc-logo\">\n\t\t\t\t\t\t\t\t\t\t\t\t\t\t\t\t\t\t\t\t\t\t<img decoding=\"async\" loading=\"lazy\" src=\"https:\/\/ankamakine.com\/wp-content\/uploads\/2023\/08\/291220161050778.jpg\" alt=\"291220161050778\">\n\t\t\t\t\t\t\t\t\t\t\t\t\t\t\t\t\t\t\t\t\t<\/div>\n\t\t\t\t\t\t\t\t\t\t\t\t\t\t\t\t\t<\/div>\n\t\t\t\t\t\t\t<\/div>\n\t\t\t\t\t\t\t\t\t\t\t\t\t\t<div class=\"swiper-slide\">\n\t\t\t\t\t\t\t\t<div class=\"pp-lc-logo-wrap\">\n\t\t\t\t\t\t\t\t\t<div class=\"pp-lc-logo\">\n\t\t\t\t\t\t\t\t\t\t\t\t\t\t\t\t\t\t\t\t\t\t<img decoding=\"async\" loading=\"lazy\" src=\"https:\/\/ankamakine.com\/wp-content\/uploads\/2023\/08\/2912201610542171.jpg\" alt=\"2912201610542171\">\n\t\t\t\t\t\t\t\t\t\t\t\t\t\t\t\t\t\t\t\t\t<\/div>\n\t\t\t\t\t\t\t\t\t\t\t\t\t\t\t\t\t<\/div>\n\t\t\t\t\t\t\t<\/div>\n\t\t\t\t\t\t\t\t\t\t\t\t\t\t<div class=\"swiper-slide\">\n\t\t\t\t\t\t\t\t<div class=\"pp-lc-logo-wrap\">\n\t\t\t\t\t\t\t\t\t<div class=\"pp-lc-logo\">\n\t\t\t\t\t\t\t\t\t\t\t\t\t\t\t\t\t\t\t\t\t\t<img decoding=\"async\" loading=\"lazy\" src=\"https:\/\/ankamakine.com\/wp-content\/uploads\/2023\/08\/2912201610542434.jpg\" alt=\"2912201610542434\">\n\t\t\t\t\t\t\t\t\t\t\t\t\t\t\t\t\t\t\t\t\t<\/div>\n\t\t\t\t\t\t\t\t\t\t\t\t\t\t\t\t\t<\/div>\n\t\t\t\t\t\t\t<\/div>\n\t\t\t\t\t\t\t\t\t\t\t\t\t\t<div class=\"swiper-slide\">\n\t\t\t\t\t\t\t\t<div class=\"pp-lc-logo-wrap\">\n\t\t\t\t\t\t\t\t\t<div class=\"pp-lc-logo\">\n\t\t\t\t\t\t\t\t\t\t\t\t\t\t\t\t\t\t\t\t\t\t<img decoding=\"async\" loading=\"lazy\" src=\"https:\/\/ankamakine.com\/wp-content\/uploads\/2023\/08\/29122016105052136.jpg\" alt=\"29122016105052136\">\n\t\t\t\t\t\t\t\t\t\t\t\t\t\t\t\t\t\t\t\t\t<\/div>\n\t\t\t\t\t\t\t\t\t\t\t\t\t\t\t\t\t<\/div>\n\t\t\t\t\t\t\t<\/div>\n\t\t\t\t\t\t\t\t\t\t\t\t\t\t<div class=\"swiper-slide\">\n\t\t\t\t\t\t\t\t<div class=\"pp-lc-logo-wrap\">\n\t\t\t\t\t\t\t\t\t<div class=\"pp-lc-logo\">\n\t\t\t\t\t\t\t\t\t\t\t\t\t\t\t\t\t\t\t\t\t\t<img decoding=\"async\" loading=\"lazy\" src=\"https:\/\/ankamakine.com\/wp-content\/uploads\/2023\/08\/29122016105113681.jpg\" alt=\"29122016105113681\">\n\t\t\t\t\t\t\t\t\t\t\t\t\t\t\t\t\t\t\t\t\t<\/div>\n\t\t\t\t\t\t\t\t\t\t\t\t\t\t\t\t\t<\/div>\n\t\t\t\t\t\t\t<\/div>\n\t\t\t\t\t\t\t\t\t\t\t\t\t\t<div class=\"swiper-slide\">\n\t\t\t\t\t\t\t\t<div class=\"pp-lc-logo-wrap\">\n\t\t\t\t\t\t\t\t\t<div class=\"pp-lc-logo\">\n\t\t\t\t\t\t\t\t\t\t\t\t\t\t\t\t\t\t\t\t\t\t<img decoding=\"async\" loading=\"lazy\" src=\"https:\/\/ankamakine.com\/wp-content\/uploads\/2023\/08\/29122016105134730.jpg\" alt=\"29122016105134730\">\n\t\t\t\t\t\t\t\t\t\t\t\t\t\t\t\t\t\t\t\t\t<\/div>\n\t\t\t\t\t\t\t\t\t\t\t\t\t\t\t\t\t<\/div>\n\t\t\t\t\t\t\t<\/div>\n\t\t\t\t\t\t\t\t\t\t\t\t\t\t<div class=\"swiper-slide\">\n\t\t\t\t\t\t\t\t<div class=\"pp-lc-logo-wrap\">\n\t\t\t\t\t\t\t\t\t<div class=\"pp-lc-logo\">\n\t\t\t\t\t\t\t\t\t\t\t\t\t\t\t\t\t\t\t\t\t\t<img decoding=\"async\" loading=\"lazy\" src=\"https:\/\/ankamakine.com\/wp-content\/uploads\/2023\/08\/29122016105157116.jpg\" alt=\"29122016105157116\">\n\t\t\t\t\t\t\t\t\t\t\t\t\t\t\t\t\t\t\t\t\t<\/div>\n\t\t\t\t\t\t\t\t\t\t\t\t\t\t\t\t\t<\/div>\n\t\t\t\t\t\t\t<\/div>\n\t\t\t\t\t\t\t\t\t\t\t\t\t\t<div class=\"swiper-slide\">\n\t\t\t\t\t\t\t\t<div class=\"pp-lc-logo-wrap\">\n\t\t\t\t\t\t\t\t\t<div class=\"pp-lc-logo\">\n\t\t\t\t\t\t\t\t\t\t\t\t\t\t\t\t\t\t\t\t\t\t<img decoding=\"async\" loading=\"lazy\" src=\"https:\/\/ankamakine.com\/wp-content\/uploads\/2023\/08\/29122016105226679.jpg\" alt=\"29122016105226679\">\n\t\t\t\t\t\t\t\t\t\t\t\t\t\t\t\t\t\t\t\t\t<\/div>\n\t\t\t\t\t\t\t\t\t\t\t\t\t\t\t\t\t<\/div>\n\t\t\t\t\t\t\t<\/div>\n\t\t\t\t\t\t\t\t\t\t\t\t\t\t<div class=\"swiper-slide\">\n\t\t\t\t\t\t\t\t<div class=\"pp-lc-logo-wrap\">\n\t\t\t\t\t\t\t\t\t<div class=\"pp-lc-logo\">\n\t\t\t\t\t\t\t\t\t\t\t\t\t\t\t\t\t\t\t\t\t\t<img decoding=\"async\" loading=\"lazy\" src=\"https:\/\/ankamakine.com\/wp-content\/uploads\/2023\/08\/29122016105253722.jpg\" alt=\"29122016105253722\">\n\t\t\t\t\t\t\t\t\t\t\t\t\t\t\t\t\t\t\t\t\t<\/div>\n\t\t\t\t\t\t\t\t\t\t\t\t\t\t\t\t\t<\/div>\n\t\t\t\t\t\t\t<\/div>\n\t\t\t\t\t\t\t\t\t\t\t\t\t\t<div class=\"swiper-slide\">\n\t\t\t\t\t\t\t\t<div class=\"pp-lc-logo-wrap\">\n\t\t\t\t\t\t\t\t\t<div class=\"pp-lc-logo\">\n\t\t\t\t\t\t\t\t\t\t\t\t\t\t\t\t\t\t\t\t\t\t<img decoding=\"async\" loading=\"lazy\" src=\"https:\/\/ankamakine.com\/wp-content\/uploads\/2023\/08\/29122016105320812.jpg\" alt=\"29122016105320812\">\n\t\t\t\t\t\t\t\t\t\t\t\t\t\t\t\t\t\t\t\t\t<\/div>\n\t\t\t\t\t\t\t\t\t\t\t\t\t\t\t\t\t<\/div>\n\t\t\t\t\t\t\t<\/div>\n\t\t\t\t\t\t\t\t\t\t\t\t\t\t<div class=\"swiper-slide\">\n\t\t\t\t\t\t\t\t<div class=\"pp-lc-logo-wrap\">\n\t\t\t\t\t\t\t\t\t<div class=\"pp-lc-logo\">\n\t\t\t\t\t\t\t\t\t\t\t\t\t\t\t\t\t\t\t\t\t\t<img decoding=\"async\" loading=\"lazy\" src=\"https:\/\/ankamakine.com\/wp-content\/uploads\/2023\/08\/29122016105343947.jpg\" alt=\"29122016105343947\">\n\t\t\t\t\t\t\t\t\t\t\t\t\t\t\t\t\t\t\t\t\t<\/div>\n\t\t\t\t\t\t\t\t\t\t\t\t\t\t\t\t\t<\/div>\n\t\t\t\t\t\t\t<\/div>\n\t\t\t\t\t\t\t\t\t\t\t\t\t\t<div class=\"swiper-slide\">\n\t\t\t\t\t\t\t\t<div class=\"pp-lc-logo-wrap\">\n\t\t\t\t\t\t\t\t\t<div class=\"pp-lc-logo\">\n\t\t\t\t\t\t\t\t\t\t\t\t\t\t\t\t\t\t\t\t\t\t<img decoding=\"async\" loading=\"lazy\" src=\"https:\/\/ankamakine.com\/wp-content\/uploads\/2023\/08\/29122016105449809.jpg\" alt=\"29122016105449809\">\n\t\t\t\t\t\t\t\t\t\t\t\t\t\t\t\t\t\t\t\t\t<\/div>\n\t\t\t\t\t\t\t\t\t\t\t\t\t\t\t\t\t<\/div>\n\t\t\t\t\t\t\t<\/div>\n\t\t\t\t\t\t\t\t\t\t\t\t\t\t<div class=\"swiper-slide\">\n\t\t\t\t\t\t\t\t<div class=\"pp-lc-logo-wrap\">\n\t\t\t\t\t\t\t\t\t<div class=\"pp-lc-logo\">\n\t\t\t\t\t\t\t\t\t\t\t\t\t\t\t\t\t\t\t\t\t\t<img decoding=\"async\" loading=\"lazy\" src=\"https:\/\/ankamakine.com\/wp-content\/uploads\/2023\/08\/29122016105543590.jpg\" alt=\"29122016105543590\">\n\t\t\t\t\t\t\t\t\t\t\t\t\t\t\t\t\t\t\t\t\t<\/div>\n\t\t\t\t\t\t\t\t\t\t\t\t\t\t\t\t\t<\/div>\n\t\t\t\t\t\t\t<\/div>\n\t\t\t\t\t\t\t\t\t\t\t\t\t\t<div class=\"swiper-slide\">\n\t\t\t\t\t\t\t\t<div class=\"pp-lc-logo-wrap\">\n\t\t\t\t\t\t\t\t\t<div class=\"pp-lc-logo\">\n\t\t\t\t\t\t\t\t\t\t\t\t\t\t\t\t\t\t\t\t\t\t<img decoding=\"async\" loading=\"lazy\" src=\"https:\/\/ankamakine.com\/wp-content\/uploads\/2023\/08\/29122016105934271.jpg\" alt=\"29122016105934271\">\n\t\t\t\t\t\t\t\t\t\t\t\t\t\t\t\t\t\t\t\t\t<\/div>\n\t\t\t\t\t\t\t\t\t\t\t\t\t\t\t\t\t<\/div>\n\t\t\t\t\t\t\t<\/div>\n\t\t\t\t\t\t\t\t\t\t\t\t\t\t<div class=\"swiper-slide\">\n\t\t\t\t\t\t\t\t<div class=\"pp-lc-logo-wrap\">\n\t\t\t\t\t\t\t\t\t<div class=\"pp-lc-logo\">\n\t\t\t\t\t\t\t\t\t\t\t\t\t\t\t\t\t\t\t\t\t\t<img decoding=\"async\" loading=\"lazy\" src=\"https:\/\/ankamakine.com\/wp-content\/uploads\/2023\/08\/29122016105951798.jpg\" alt=\"29122016105951798\">\n\t\t\t\t\t\t\t\t\t\t\t\t\t\t\t\t\t\t\t\t\t<\/div>\n\t\t\t\t\t\t\t\t\t\t\t\t\t\t\t\t\t<\/div>\n\t\t\t\t\t\t\t<\/div>\n\t\t\t\t\t\t\t\t\t\t\t<\/div>\n\t\t\t\t\t\t\t<\/div>\n\t\t<\/div>\n\t\t\t\t\t\t<\/div>\n\t\t\t\t<\/div>\n\t\t\t\t\t<\/div>\n\t\t<\/div>\n\t\t\t\t\t<\/div>\n\t\t<\/div>\n\t\t\t\t<\/div>","protected":false},"excerpt":{"rendered":"<p>ANKA MAK\u0130NE Evaporators Anka Makine offers a wide range of evaporators for virtually any powder application. ALL PRODUCTS Falling Film Evaporators The Falling Film Tubular Evaporator consists of one or more vertical tubular heat exchangers with vapor separator, condenser and pumps. Forced Circulation Evaporators The Forced Circulation evaporator is designed for evaporation of liquids with [&hellip;]<\/p>\n","protected":false},"author":1,"featured_media":0,"parent":2336,"menu_order":0,"comment_status":"closed","ping_status":"closed","template":"","meta":{"_acf_changed":false,"nf_dc_page":"","inline_featured_image":false,"footnotes":""},"class_list":["post-2519","page","type-page","status-publish","hentry"],"acf":[],"_links":{"self":[{"href":"https:\/\/ankamakine.com\/tr\/wp-json\/wp\/v2\/pages\/2519","targetHints":{"allow":["GET"]}}],"collection":[{"href":"https:\/\/ankamakine.com\/tr\/wp-json\/wp\/v2\/pages"}],"about":[{"href":"https:\/\/ankamakine.com\/tr\/wp-json\/wp\/v2\/types\/page"}],"author":[{"embeddable":true,"href":"https:\/\/ankamakine.com\/tr\/wp-json\/wp\/v2\/users\/1"}],"replies":[{"embeddable":true,"href":"https:\/\/ankamakine.com\/tr\/wp-json\/wp\/v2\/comments?post=2519"}],"version-history":[{"count":18,"href":"https:\/\/ankamakine.com\/tr\/wp-json\/wp\/v2\/pages\/2519\/revisions"}],"predecessor-version":[{"id":2781,"href":"https:\/\/ankamakine.com\/tr\/wp-json\/wp\/v2\/pages\/2519\/revisions\/2781"}],"up":[{"embeddable":true,"href":"https:\/\/ankamakine.com\/tr\/wp-json\/wp\/v2\/pages\/2336"}],"wp:attachment":[{"href":"https:\/\/ankamakine.com\/tr\/wp-json\/wp\/v2\/media?parent=2519"}],"curies":[{"name":"wp","href":"https:\/\/api.w.org\/{rel}","templated":true}]}}