{"id":2515,"date":"2023-08-06T22:32:34","date_gmt":"2023-08-06T19:32:34","guid":{"rendered":"http:\/\/anka.eticra.com\/?page_id=2515"},"modified":"2023-10-20T15:32:21","modified_gmt":"2023-10-20T12:32:21","slug":"fluid-bed-dryer","status":"publish","type":"page","link":"https:\/\/ankamakine.com\/tr\/urunlerimiz-2\/kurutucular\/akiskan-yatakli-kurutucu\/","title":{"rendered":"Ak\u0131\u015fkan Yatakl\u0131 Kurutucu"},"content":{"rendered":"<div data-elementor-type=\"wp-page\" data-elementor-id=\"2515\" class=\"elementor elementor-2515\">\n\t\t\t\t\t\t<section class=\"elementor-section elementor-top-section elementor-element elementor-element-73fc44be elementor-section-full_width elementor-section-height-default elementor-section-height-default\" data-id=\"73fc44be\" data-element_type=\"section\" data-e-type=\"section\">\n\t\t\t\t\t\t<div class=\"elementor-container elementor-column-gap-no\">\n\t\t\t\t\t<div class=\"elementor-column elementor-col-100 elementor-top-column elementor-element elementor-element-14c5d8e0\" data-id=\"14c5d8e0\" data-element_type=\"column\" data-e-type=\"column\">\n\t\t\t<div class=\"elementor-widget-wrap elementor-element-populated\">\n\t\t\t\t\t\t<section class=\"elementor-section elementor-inner-section elementor-element elementor-element-1e405a79 elementor-section-full_width elementor-section-height-default elementor-section-height-default\" data-id=\"1e405a79\" data-element_type=\"section\" data-e-type=\"section\">\n\t\t\t\t\t\t<div class=\"elementor-container elementor-column-gap-default\">\n\t\t\t\t\t<div class=\"elementor-column elementor-col-50 elementor-inner-column elementor-element elementor-element-44499ab1\" data-id=\"44499ab1\" data-element_type=\"column\" data-e-type=\"column\">\n\t\t\t<div class=\"elementor-widget-wrap elementor-element-populated\">\n\t\t\t\t\t\t<div class=\"elementor-element elementor-element-46c36485 elementor-widget elementor-widget-image\" data-id=\"46c36485\" data-element_type=\"widget\" data-e-type=\"widget\" data-widget_type=\"image.default\">\n\t\t\t\t<div class=\"elementor-widget-container\">\n\t\t\t\t\t\t\t\t\t\t\t\t\t\t\t<img loading=\"lazy\" decoding=\"async\" width=\"800\" height=\"400\" src=\"https:\/\/ankamakine.com\/wp-content\/uploads\/2023\/10\/fluid-bed.jpg\" class=\"attachment-full size-full wp-image-2745\" alt=\"\" srcset=\"https:\/\/ankamakine.com\/wp-content\/uploads\/2023\/10\/fluid-bed.jpg 800w, https:\/\/ankamakine.com\/wp-content\/uploads\/2023\/10\/fluid-bed-300x150.jpg 300w, https:\/\/ankamakine.com\/wp-content\/uploads\/2023\/10\/fluid-bed-768x384.jpg 768w, https:\/\/ankamakine.com\/wp-content\/uploads\/2023\/10\/fluid-bed-18x9.jpg 18w, https:\/\/ankamakine.com\/wp-content\/uploads\/2023\/10\/elementor\/thumbs\/fluid-bed-qe51knxrdmp8scmqm4zx2dd20c74y2zeh6k218f3kg.jpg 400w\" sizes=\"auto, (max-width: 800px) 100vw, 800px\" \/>\t\t\t\t\t\t\t\t\t\t\t\t\t\t\t<\/div>\n\t\t\t\t<\/div>\n\t\t\t\t<div class=\"elementor-element elementor-element-627e8507 elementor-widget elementor-widget-text-editor\" data-id=\"627e8507\" data-element_type=\"widget\" data-e-type=\"widget\" data-widget_type=\"text-editor.default\">\n\t\t\t\t<div class=\"elementor-widget-container\">\n\t\t\t\t\t\t\t\t\t<p>Ak\u0131\u015fkan yataklar \u00e7o\u011fu toz \u00fcr\u00fcn\u00fcn i\u015flenmesi i\u00e7in kullan\u0131labilir. Anka Makine Ak\u0131\u015fkan yatak prosesleri aras\u0131nda kurutma, aglomerasyon, sprey kaplama, so\u011futma, toz giderme ve lesitinasyon yer almaktad\u0131r.  Anka Makine, kesikli ve s\u00fcrekli ak\u0131\u015fkan yataklar\u0131n yan\u0131 s\u0131ra \u00e7ok a\u015famal\u0131 sprey kurutma tesislerine entegre edilecek ak\u0131\u015fkan yataklar da sunmaktad\u0131r.<\/p><p>Anka Makine, deneyim ve en son teknolojiyi m\u00fc\u015fterilerimiz i\u00e7in katma de\u011ferli \u00e7\u00f6z\u00fcmlerde birle\u015ftiriyor.<\/p>\t\t\t\t\t\t\t\t<\/div>\n\t\t\t\t<\/div>\n\t\t\t\t<div class=\"elementor-element elementor-element-9a68146 elementor-widget__width-initial elementor-widget-mobile__width-inherit elementor-widget elementor-widget-text-editor\" data-id=\"9a68146\" data-element_type=\"widget\" data-e-type=\"widget\" data-widget_type=\"text-editor.default\">\n\t\t\t\t<div class=\"elementor-widget-container\">\n\t\t\t\t\t\t\t\t\t<ul class=\"list-style2\"><li><p>M\u00fckemmel \u0131s\u0131 transferi \u00f6zellikleri<\/p><\/li><li>Nazik ve verimli kar\u0131\u015ft\u0131rma<\/li><li>Partik\u00fcl boyutu da\u011f\u0131l\u0131m\u0131 \u00fczerinde geli\u015ftirilmi\u015f kontrol<\/li><\/ul>\t\t\t\t\t\t\t\t<\/div>\n\t\t\t\t<\/div>\n\t\t\t\t<div class=\"elementor-element elementor-element-3cb34642 elementor-widget__width-initial elementor-widget-mobile__width-inherit elementor-widget elementor-widget-text-editor\" data-id=\"3cb34642\" data-element_type=\"widget\" data-e-type=\"widget\" data-widget_type=\"text-editor.default\">\n\t\t\t\t<div class=\"elementor-widget-container\">\n\t\t\t\t\t\t\t\t\t<ul class=\"list-style2\"><li>Para cezalar\u0131n\u0131n kald\u0131r\u0131lmas\u0131<\/li><li>GMP ve 3A uyumlu versiyonlar mevcuttur<\/li><\/ul>\t\t\t\t\t\t\t\t<\/div>\n\t\t\t\t<\/div>\n\t\t\t\t\t<\/div>\n\t\t<\/div>\n\t\t\t\t<div class=\"elementor-column elementor-col-50 elementor-inner-column elementor-element elementor-element-483f684 elementor-hidden-tablet elementor-hidden-mobile\" data-id=\"483f684\" data-element_type=\"column\" data-e-type=\"column\" data-settings=\"{&quot;background_background&quot;:&quot;gradient&quot;}\">\n\t\t\t<div class=\"elementor-widget-wrap elementor-element-populated\">\n\t\t\t\t\t\t<div class=\"elementor-element elementor-element-13e6d2c elementor-widget elementor-widget-heading\" data-id=\"13e6d2c\" data-element_type=\"widget\" data-e-type=\"widget\" data-widget_type=\"heading.default\">\n\t\t\t\t<div class=\"elementor-widget-container\">\n\t\t\t\t\t<h2 class=\"elementor-heading-title elementor-size-default\"><a href=\"https:\/\/ankamakine.com\/tr\/urunlerimiz-2\/kurutucular\/\">Kurutucular<\/a><\/h2>\t\t\t\t<\/div>\n\t\t\t\t<\/div>\n\t\t\t\t<div class=\"elementor-element elementor-element-40f3aa3 pp-icon-list-traditional elementor-list-item-link-inline pp-icon-left elementor-widget elementor-widget-pp-icon-list\" data-id=\"40f3aa3\" data-element_type=\"widget\" data-e-type=\"widget\" data-widget_type=\"pp-icon-list.default\">\n\t\t\t\t<div class=\"elementor-widget-container\">\n\t\t\t\t\t\t\t<div class=\"pp-list-container\">\n\t\t\t<ul class=\"pp-list-items\">\n\t\t\t\t\t\t\t\t\t\t\t\t\t\t\t\t\t\t\t\t\t<li class=\"pp-icon-list-item elementor-repeater-item-252e8cd\">\n\t\t\t\t\t\t\t\t\t\t\t\t\t\t\t<a href=\"https:\/\/ankamakine.com\/tr\/urunlerimiz-2\/kurutucular\/flas-kurutucu\/\">\n\t\t\t\t\t\t\t\t\t\t\t\t\t\t\t<span class=\"pp-icon-list-text\">\n\t\t\t\t\t\t\t\t<b>Fla\u015f Kurutucu<\/b>\t\t\t\t\t\t\t<\/span>\n\t\t\t\t\t\t\t\t\t\t\t\t\t\t\t<\/a>\n\t\t\t\t\t\t\t\t\t\t\t\t\t\t<\/li>\n\t\t\t\t\t\t\t\t\t\t\t\t\t\t\t\t\t\t\t\t\t\t\t\t\t\t\t<li class=\"pp-icon-list-item elementor-repeater-item-d3d689d\">\n\t\t\t\t\t\t\t\t\t\t\t\t\t\t\t<a href=\"https:\/\/ankamakine.com\/tr\/urunlerimiz-2\/kurutucular\/akiskan-yatakli-kurutucu\/\">\n\t\t\t\t\t\t\t\t\t\t\t\t\t\t\t<span class=\"pp-icon-list-text\">\n\t\t\t\t\t\t\t\tAk\u0131\u015fkan Yatakl\u0131 Kurutucu\t\t\t\t\t\t\t<\/span>\n\t\t\t\t\t\t\t\t\t\t\t\t\t\t\t<\/a>\n\t\t\t\t\t\t\t\t\t\t\t\t\t\t<\/li>\n\t\t\t\t\t\t\t\t\t\t\t\t\t\t\t\t\t\t\t\t\t\t\t\t\t\t\t<li class=\"pp-icon-list-item elementor-repeater-item-7b942d1\">\n\t\t\t\t\t\t\t\t\t\t\t\t\t\t\t<a href=\"https:\/\/ankamakine.com\/tr\/urunlerimiz-2\/kurutucular\/sprey-kurutucu\/\">\n\t\t\t\t\t\t\t\t\t\t\t\t\t\t\t<span class=\"pp-icon-list-text\">\n\t\t\t\t\t\t\t\tSprey Kurutucu\t\t\t\t\t\t\t<\/span>\n\t\t\t\t\t\t\t\t\t\t\t\t\t\t\t<\/a>\n\t\t\t\t\t\t\t\t\t\t\t\t\t\t<\/li>\n\t\t\t\t\t\t\t\t\t\t\t\t\t<\/ul>\n\t\t<\/div>\n\t\t\t\t\t\t<\/div>\n\t\t\t\t<\/div>\n\t\t\t\t<div class=\"elementor-element elementor-element-eec1097 elementor-widget elementor-widget-heading\" data-id=\"eec1097\" data-element_type=\"widget\" data-e-type=\"widget\" data-widget_type=\"heading.default\">\n\t\t\t\t<div class=\"elementor-widget-container\">\n\t\t\t\t\t<h2 class=\"elementor-heading-title elementor-size-default\"><a href=\"https:\/\/ankamakine.com\/tr\/urunlerimiz-2\/evaporatorler\/\">Evaporat\u00f6rler<\/a><\/h2>\t\t\t\t<\/div>\n\t\t\t\t<\/div>\n\t\t\t\t<div class=\"elementor-element elementor-element-498eebc pp-icon-list-traditional elementor-list-item-link-inline pp-icon-left elementor-widget elementor-widget-pp-icon-list\" data-id=\"498eebc\" data-element_type=\"widget\" data-e-type=\"widget\" data-widget_type=\"pp-icon-list.default\">\n\t\t\t\t<div class=\"elementor-widget-container\">\n\t\t\t\t\t\t\t<div class=\"pp-list-container\">\n\t\t\t<ul class=\"pp-list-items\">\n\t\t\t\t\t\t\t\t\t\t\t\t\t\t\t\t\t\t\t\t\t<li class=\"pp-icon-list-item elementor-repeater-item-252e8cd\">\n\t\t\t\t\t\t\t\t\t\t\t\t\t\t\t<a href=\"https:\/\/ankamakine.com\/tr\/urunlerimiz-2\/evaporatorler\/cebri-sirkulasyonlu-evaporator\/\">\n\t\t\t\t\t\t\t\t\t\t\t\t\t\t\t<span class=\"pp-icon-list-text\">\n\t\t\t\t\t\t\t\tCebri Sirk\u00fclasyonlu Evaporat\u00f6r\t\t\t\t\t\t\t<\/span>\n\t\t\t\t\t\t\t\t\t\t\t\t\t\t\t<\/a>\n\t\t\t\t\t\t\t\t\t\t\t\t\t\t<\/li>\n\t\t\t\t\t\t\t\t\t\t\t\t\t\t\t\t\t\t\t\t\t\t\t\t\t\t\t<li class=\"pp-icon-list-item elementor-repeater-item-d3d689d\">\n\t\t\t\t\t\t\t\t\t\t\t\t\t\t\t<a href=\"https:\/\/ankamakine.com\/tr\/urunlerimiz-2\/evaporatorler\/dusen-film-buharlastiricilar\/\">\n\t\t\t\t\t\t\t\t\t\t\t\t\t\t\t<span class=\"pp-icon-list-text\">\n\t\t\t\t\t\t\t\tD\u00fc\u015fen Film Evaporat\u00f6r\t\t\t\t\t\t\t<\/span>\n\t\t\t\t\t\t\t\t\t\t\t\t\t\t\t<\/a>\n\t\t\t\t\t\t\t\t\t\t\t\t\t\t<\/li>\n\t\t\t\t\t\t\t\t\t\t\t\t\t<\/ul>\n\t\t<\/div>\n\t\t\t\t\t\t<\/div>\n\t\t\t\t<\/div>\n\t\t\t\t<div class=\"elementor-element elementor-element-6f2cab9 elementor-widget elementor-widget-heading\" data-id=\"6f2cab9\" data-element_type=\"widget\" data-e-type=\"widget\" data-widget_type=\"heading.default\">\n\t\t\t\t<div class=\"elementor-widget-container\">\n\t\t\t\t\t<h2 class=\"elementor-heading-title elementor-size-default\"><a href=\"https:\/\/ankamakine.com\/tr\/urunlerimiz-2\/surec-eki\u0307pmanlari-2\/\">Proses Ekipmanlar\u0131<\/a><\/h2>\t\t\t\t<\/div>\n\t\t\t\t<\/div>\n\t\t\t\t<div class=\"elementor-element elementor-element-2664860 pp-icon-list-traditional elementor-list-item-link-inline pp-icon-left elementor-widget elementor-widget-pp-icon-list\" data-id=\"2664860\" data-element_type=\"widget\" data-e-type=\"widget\" data-widget_type=\"pp-icon-list.default\">\n\t\t\t\t<div class=\"elementor-widget-container\">\n\t\t\t\t\t\t\t<div class=\"pp-list-container\">\n\t\t\t<ul class=\"pp-list-items\">\n\t\t\t\t\t\t\t\t\t\t\t\t\t\t\t\t\t\t\t\t\t<li class=\"pp-icon-list-item elementor-repeater-item-252e8cd\">\n\t\t\t\t\t\t\t\t\t\t\t\t\t\t\t<a href=\"https:\/\/ankamakine.com\/tr\/musteriler\/\">\n\t\t\t\t\t\t\t\t\t\t\t\t\t\t\t<span class=\"pp-icon-list-text\">\n\t\t\t\t\t\t\t\tM\u00fc\u015fterilerimiz\t\t\t\t\t\t\t<\/span>\n\t\t\t\t\t\t\t\t\t\t\t\t\t\t\t<\/a>\n\t\t\t\t\t\t\t\t\t\t\t\t\t\t<\/li>\n\t\t\t\t\t\t\t\t\t\t\t\t\t\t\t\t\t\t\t\t\t\t\t\t\t\t\t<li class=\"pp-icon-list-item elementor-repeater-item-d3d689d\">\n\t\t\t\t\t\t\t\t\t\t\t\t\t\t\t<a href=\"https:\/\/ankamakine.com\/tr\/bize-ulasin\/\">\n\t\t\t\t\t\t\t\t\t\t\t\t\t\t\t<span class=\"pp-icon-list-text\">\n\t\t\t\t\t\t\t\tBizimle \u0130leti\u015fime Ge\u00e7in\t\t\t\t\t\t\t<\/span>\n\t\t\t\t\t\t\t\t\t\t\t\t\t\t\t<\/a>\n\t\t\t\t\t\t\t\t\t\t\t\t\t\t<\/li>\n\t\t\t\t\t\t\t\t\t\t\t\t\t<\/ul>\n\t\t<\/div>\n\t\t\t\t\t\t<\/div>\n\t\t\t\t<\/div>\n\t\t\t\t\t<\/div>\n\t\t<\/div>\n\t\t\t\t\t<\/div>\n\t\t<\/section>\n\t\t\t\t\t<\/div>\n\t\t<\/div>\n\t\t\t\t\t<\/div>\n\t\t<\/section>\n\t\t\t\t<section class=\"elementor-section elementor-top-section elementor-element elementor-element-95702e7 elementor-section-boxed elementor-section-height-default elementor-section-height-default\" data-id=\"95702e7\" data-element_type=\"section\" data-e-type=\"section\">\n\t\t\t\t\t\t<div class=\"elementor-container elementor-column-gap-default\">\n\t\t\t\t\t<div class=\"elementor-column elementor-col-100 elementor-top-column elementor-element elementor-element-6914b87\" data-id=\"6914b87\" data-element_type=\"column\" data-e-type=\"column\">\n\t\t\t<div class=\"elementor-widget-wrap elementor-element-populated\">\n\t\t\t\t\t\t<section class=\"elementor-section elementor-inner-section elementor-element elementor-element-8f9ab72 elementor-section-boxed elementor-section-height-default elementor-section-height-default\" data-id=\"8f9ab72\" data-element_type=\"section\" data-e-type=\"section\">\n\t\t\t\t\t\t<div class=\"elementor-container elementor-column-gap-default\">\n\t\t\t\t\t<div class=\"elementor-column elementor-col-50 elementor-inner-column elementor-element elementor-element-5debed4\" data-id=\"5debed4\" data-element_type=\"column\" data-e-type=\"column\">\n\t\t\t<div class=\"elementor-widget-wrap\">\n\t\t\t\t\t\t\t<\/div>\n\t\t<\/div>\n\t\t\t\t<div class=\"elementor-column elementor-col-50 elementor-inner-column elementor-element elementor-element-6cfdfae\" data-id=\"6cfdfae\" data-element_type=\"column\" data-e-type=\"column\">\n\t\t\t<div class=\"elementor-widget-wrap\">\n\t\t\t\t\t\t\t<\/div>\n\t\t<\/div>\n\t\t\t\t\t<\/div>\n\t\t<\/section>\n\t\t\t\t\t<\/div>\n\t\t<\/div>\n\t\t\t\t\t<\/div>\n\t\t<\/section>\n\t\t\t\t<\/div>","protected":false},"excerpt":{"rendered":"<p>Fluid beds can be used for processing of\u00a0most types of powdered products. Anka Makine Fluid bed processes include drying, agglomeration, spray coating, cooling, de-dusting and lecithination.\u00a0 Anka Makine offers batch and continuous fluid beds, as well as fluid beds to be integrated into multi-stage spray drying plants. Anka Makine combines experience and cutting-edge technology into [&hellip;]<\/p>\n","protected":false},"author":1,"featured_media":0,"parent":2511,"menu_order":0,"comment_status":"closed","ping_status":"closed","template":"","meta":{"_acf_changed":false,"nf_dc_page":"","inline_featured_image":false,"footnotes":""},"class_list":["post-2515","page","type-page","status-publish","hentry"],"acf":[],"_links":{"self":[{"href":"https:\/\/ankamakine.com\/tr\/wp-json\/wp\/v2\/pages\/2515","targetHints":{"allow":["GET"]}}],"collection":[{"href":"https:\/\/ankamakine.com\/tr\/wp-json\/wp\/v2\/pages"}],"about":[{"href":"https:\/\/ankamakine.com\/tr\/wp-json\/wp\/v2\/types\/page"}],"author":[{"embeddable":true,"href":"https:\/\/ankamakine.com\/tr\/wp-json\/wp\/v2\/users\/1"}],"replies":[{"embeddable":true,"href":"https:\/\/ankamakine.com\/tr\/wp-json\/wp\/v2\/comments?post=2515"}],"version-history":[{"count":13,"href":"https:\/\/ankamakine.com\/tr\/wp-json\/wp\/v2\/pages\/2515\/revisions"}],"predecessor-version":[{"id":2776,"href":"https:\/\/ankamakine.com\/tr\/wp-json\/wp\/v2\/pages\/2515\/revisions\/2776"}],"up":[{"embeddable":true,"href":"https:\/\/ankamakine.com\/tr\/wp-json\/wp\/v2\/pages\/2511"}],"wp:attachment":[{"href":"https:\/\/ankamakine.com\/tr\/wp-json\/wp\/v2\/media?parent=2515"}],"curies":[{"name":"wp","href":"https:\/\/api.w.org\/{rel}","templated":true}]}}