{"id":2460,"date":"2023-08-06T20:46:18","date_gmt":"2023-08-06T17:46:18","guid":{"rendered":"http:\/\/anka.eticra.com\/?page_id=2460"},"modified":"2023-10-25T12:00:02","modified_gmt":"2023-10-25T09:00:02","slug":"pharma","status":"publish","type":"page","link":"https:\/\/ankamakine.com\/tr\/uygulamalar\/ilac\/","title":{"rendered":"\u0130la\u00e7"},"content":{"rendered":"<div data-elementor-type=\"wp-page\" data-elementor-id=\"2460\" class=\"elementor elementor-2460\">\n\t\t\t\t\t\t<section class=\"elementor-section elementor-top-section elementor-element elementor-element-d0eb78d elementor-section-full_width elementor-section-height-default elementor-section-height-default\" data-id=\"d0eb78d\" data-element_type=\"section\" data-e-type=\"section\">\n\t\t\t\t\t\t<div class=\"elementor-container elementor-column-gap-default\">\n\t\t\t\t\t<div class=\"elementor-column elementor-col-50 elementor-top-column elementor-element elementor-element-8586080\" data-id=\"8586080\" data-element_type=\"column\" data-e-type=\"column\">\n\t\t\t<div class=\"elementor-widget-wrap elementor-element-populated\">\n\t\t\t\t\t\t<div class=\"elementor-element elementor-element-fdc8ef5 elementor-widget elementor-widget-text-editor\" data-id=\"fdc8ef5\" data-element_type=\"widget\" data-e-type=\"widget\" data-widget_type=\"text-editor.default\">\n\t\t\t\t<div class=\"elementor-widget-container\">\n\t\t\t\t\t\t\t\t\t<p><strong>Anka Makine p\u00fcsk\u00fcrtmeli kurutma \u00e7\u00f6z\u00fcmleri, kontroll\u00fc bir ortamda ve \u00f6l\u00e7eklenebilir ko\u015fullar alt\u0131nda \u00f6zel partik\u00fcl m\u00fchendisli\u011fi ile tozlar\u0131n uygun maliyetli \u00fcretimini sa\u011flar.<\/strong><\/p><p>P\u00fcsk\u00fcrtmeli kurutma, kontroll\u00fc bir ortamda ve \u00f6l\u00e7eklenebilir ko\u015fullar alt\u0131nda \u00f6zel partik\u00fcl m\u00fchendisli\u011fi ger\u00e7ekle\u015ftirmenin benzersiz yetene\u011fini birle\u015ftirdi\u011finden, genellikle bir farmas\u00f6tik \u00fcr\u00fcn\u00fc toz haline getirmek i\u00e7in ideal bir ara\u00e7 olarak kabul edilir. Ayr\u0131ca, toz \u00fcretmenin uygun maliyetli bir yoludur.<\/p><p>Anka Makine P\u00fcsk\u00fcrtmeli Kurutma \u00e7\u00f6z\u00fcmleri ila\u00e7 end\u00fcstrisinde a\u015fa\u011f\u0131daki uygulamalar i\u00e7in kullan\u0131lmaktad\u0131r:<\/p><p>\u00a0<\/p><ul class=\"list-style2\"><li>Serbest ak\u0131\u015fl\u0131 tozlar\u0131n s\u00fcrekli \u00fcretimi i\u00e7in API, eksipiyanlar ve nihai form\u00fclasyonlar\u0131n tek a\u015famal\u0131 sprey kurutmas\u0131<\/li><li>\u00a0P\u00fcsk\u00fcrtmeli ve Ak\u0131\u015fkan Yatakl\u0131 Kurutma, tek ad\u0131mda aglomere tozlar\u0131n \u00fcretimi i\u00e7in p\u00fcsk\u00fcrtmeli kurutmay\u0131 ak\u0131\u015fkan yatak teknolojisi ile birle\u015ftirir<\/li><li>\u00a0Sprey kurutma ile \u00e7e\u015fitli form\u00fclasyonlar\u0131n enkaps\u00fclasyonu. Enkaps\u00fclasyon, aktif maddenin kontroll\u00fc sal\u0131n\u0131m\u0131 gibi \u00f6zel \u00f6zellikler sa\u011flar.<\/li><li>\u0130nhalasyon i\u00e7in \u00e7ok ince tozlar\u0131n \u00fcretimi.<\/li><\/ul>\t\t\t\t\t\t\t\t<\/div>\n\t\t\t\t<\/div>\n\t\t\t\t\t<\/div>\n\t\t<\/div>\n\t\t\t\t<div class=\"elementor-column elementor-col-50 elementor-top-column elementor-element elementor-element-4150159\" data-id=\"4150159\" data-element_type=\"column\" data-e-type=\"column\">\n\t\t\t<div class=\"elementor-widget-wrap elementor-element-populated\">\n\t\t\t\t\t\t<div class=\"elementor-element elementor-element-6d8aefb gallery-spacing-custom elementor-widget elementor-widget-image-gallery\" data-id=\"6d8aefb\" data-element_type=\"widget\" data-e-type=\"widget\" data-widget_type=\"image-gallery.default\">\n\t\t\t\t<div class=\"elementor-widget-container\">\n\t\t\t\t\t\t\t<div class=\"elementor-image-gallery\">\n\t\t\t<div id='gallery-1' class='gallery galleryid-2460 gallery-columns-1 gallery-size-full'><figure class='gallery-item'>\n\t\t\t<div class='gallery-icon landscape'>\n\t\t\t\t<a data-elementor-open-lightbox=\"yes\" data-elementor-lightbox-slideshow=\"6d8aefb\" data-elementor-lightbox-title=\"Machine,For,Industrial,Pharmaceutical,Production,Of,Medicines,Close-up,,Industrial,Pharmaceutical\" data-e-action-hash=\"#elementor-action%3Aaction%3Dlightbox%26settings%3DeyJpZCI6Mjg1MCwidXJsIjoiaHR0cHM6XC9cL2Fua2FtYWtpbmUuY29tXC93cC1jb250ZW50XC91cGxvYWRzXC8yMDIzXC8xMFwvcGhhcm1hMi1zY2FsZWQuanBnIiwic2xpZGVzaG93IjoiNmQ4YWVmYiJ9\" href='https:\/\/ankamakine.com\/wp-content\/uploads\/2023\/10\/pharma2-scaled.jpg'><img loading=\"lazy\" decoding=\"async\" width=\"2560\" height=\"1707\" src=\"https:\/\/ankamakine.com\/wp-content\/uploads\/2023\/10\/pharma2-scaled.jpg\" class=\"attachment-full size-full\" alt=\"\" srcset=\"https:\/\/ankamakine.com\/wp-content\/uploads\/2023\/10\/pharma2-scaled.jpg 2560w, https:\/\/ankamakine.com\/wp-content\/uploads\/2023\/10\/pharma2-300x200.jpg 300w, https:\/\/ankamakine.com\/wp-content\/uploads\/2023\/10\/pharma2-1024x683.jpg 1024w, https:\/\/ankamakine.com\/wp-content\/uploads\/2023\/10\/pharma2-768x512.jpg 768w, https:\/\/ankamakine.com\/wp-content\/uploads\/2023\/10\/pharma2-1536x1024.jpg 1536w, https:\/\/ankamakine.com\/wp-content\/uploads\/2023\/10\/pharma2-2048x1365.jpg 2048w, https:\/\/ankamakine.com\/wp-content\/uploads\/2023\/10\/pharma2-18x12.jpg 18w\" sizes=\"auto, (max-width: 2560px) 100vw, 2560px\" \/><\/a>\n\t\t\t<\/div><\/figure><figure class='gallery-item'>\n\t\t\t<div class='gallery-icon landscape'>\n\t\t\t\t<a data-elementor-open-lightbox=\"yes\" data-elementor-lightbox-slideshow=\"6d8aefb\" data-elementor-lightbox-title=\"Coating,Lab,Machine,Ready,For,Tablet,And,Capsule,Coat,Process.\" data-e-action-hash=\"#elementor-action%3Aaction%3Dlightbox%26settings%3DeyJpZCI6Mjg0OSwidXJsIjoiaHR0cHM6XC9cL2Fua2FtYWtpbmUuY29tXC93cC1jb250ZW50XC91cGxvYWRzXC8yMDIzXC8xMFwvcGhhcm1hMS1zY2FsZWQuanBnIiwic2xpZGVzaG93IjoiNmQ4YWVmYiJ9\" href='https:\/\/ankamakine.com\/wp-content\/uploads\/2023\/10\/pharma1-scaled.jpg'><img loading=\"lazy\" decoding=\"async\" width=\"2560\" height=\"1707\" src=\"https:\/\/ankamakine.com\/wp-content\/uploads\/2023\/10\/pharma1-scaled.jpg\" class=\"attachment-full size-full\" alt=\"\" srcset=\"https:\/\/ankamakine.com\/wp-content\/uploads\/2023\/10\/pharma1-scaled.jpg 2560w, https:\/\/ankamakine.com\/wp-content\/uploads\/2023\/10\/pharma1-300x200.jpg 300w, https:\/\/ankamakine.com\/wp-content\/uploads\/2023\/10\/pharma1-1024x683.jpg 1024w, https:\/\/ankamakine.com\/wp-content\/uploads\/2023\/10\/pharma1-768x512.jpg 768w, https:\/\/ankamakine.com\/wp-content\/uploads\/2023\/10\/pharma1-1536x1024.jpg 1536w, https:\/\/ankamakine.com\/wp-content\/uploads\/2023\/10\/pharma1-2048x1365.jpg 2048w, https:\/\/ankamakine.com\/wp-content\/uploads\/2023\/10\/pharma1-18x12.jpg 18w\" sizes=\"auto, (max-width: 2560px) 100vw, 2560px\" \/><\/a>\n\t\t\t<\/div><\/figure>\n\t\t<\/div>\n\t\t<\/div>\n\t\t\t\t\t\t<\/div>\n\t\t\t\t<\/div>\n\t\t\t\t\t<\/div>\n\t\t<\/div>\n\t\t\t\t\t<\/div>\n\t\t<\/section>\n\t\t\t\t<\/div>","protected":false},"excerpt":{"rendered":"<p>Anka Makine spray drying solutions enable cost-effective production of powders with tailored particle engineering in a controlled environment and under scalable conditions. Spray drying is often considered the ideal means of drying a pharmaceutical product to a powder, as it combines the unique ability of performing tailored particle engineering in a controlled environment and under [&hellip;]<\/p>\n","protected":false},"author":1,"featured_media":0,"parent":2369,"menu_order":0,"comment_status":"closed","ping_status":"closed","template":"","meta":{"_acf_changed":false,"nf_dc_page":"","inline_featured_image":false,"footnotes":""},"class_list":["post-2460","page","type-page","status-publish","hentry"],"acf":[],"_links":{"self":[{"href":"https:\/\/ankamakine.com\/tr\/wp-json\/wp\/v2\/pages\/2460","targetHints":{"allow":["GET"]}}],"collection":[{"href":"https:\/\/ankamakine.com\/tr\/wp-json\/wp\/v2\/pages"}],"about":[{"href":"https:\/\/ankamakine.com\/tr\/wp-json\/wp\/v2\/types\/page"}],"author":[{"embeddable":true,"href":"https:\/\/ankamakine.com\/tr\/wp-json\/wp\/v2\/users\/1"}],"replies":[{"embeddable":true,"href":"https:\/\/ankamakine.com\/tr\/wp-json\/wp\/v2\/comments?post=2460"}],"version-history":[{"count":11,"href":"https:\/\/ankamakine.com\/tr\/wp-json\/wp\/v2\/pages\/2460\/revisions"}],"predecessor-version":[{"id":2874,"href":"https:\/\/ankamakine.com\/tr\/wp-json\/wp\/v2\/pages\/2460\/revisions\/2874"}],"up":[{"embeddable":true,"href":"https:\/\/ankamakine.com\/tr\/wp-json\/wp\/v2\/pages\/2369"}],"wp:attachment":[{"href":"https:\/\/ankamakine.com\/tr\/wp-json\/wp\/v2\/media?parent=2460"}],"curies":[{"name":"wp","href":"https:\/\/api.w.org\/{rel}","templated":true}]}}