{"id":2452,"date":"2023-08-06T20:39:16","date_gmt":"2023-08-06T17:39:16","guid":{"rendered":"http:\/\/anka.eticra.com\/?page_id=2452"},"modified":"2023-10-25T11:58:07","modified_gmt":"2023-10-25T08:58:07","slug":"chemical","status":"publish","type":"page","link":"https:\/\/ankamakine.com\/tr\/uygulamalar\/kimyasal\/","title":{"rendered":"Kimyasal"},"content":{"rendered":"<div data-elementor-type=\"wp-page\" data-elementor-id=\"2452\" class=\"elementor elementor-2452\">\n\t\t\t\t\t\t<section class=\"elementor-section elementor-top-section elementor-element elementor-element-e8a1886 elementor-section-full_width elementor-section-height-default elementor-section-height-default\" data-id=\"e8a1886\" data-element_type=\"section\" data-e-type=\"section\">\n\t\t\t\t\t\t<div class=\"elementor-container elementor-column-gap-default\">\n\t\t\t\t\t<div class=\"elementor-column elementor-col-50 elementor-top-column elementor-element elementor-element-926283b\" data-id=\"926283b\" data-element_type=\"column\" data-e-type=\"column\">\n\t\t\t<div class=\"elementor-widget-wrap elementor-element-populated\">\n\t\t\t\t\t\t<div class=\"elementor-element elementor-element-c6a5f57 elementor-widget elementor-widget-text-editor\" data-id=\"c6a5f57\" data-element_type=\"widget\" data-e-type=\"widget\" data-widget_type=\"text-editor.default\">\n\t\t\t\t<div class=\"elementor-widget-container\">\n\t\t\t\t\t\t\t\t\t<p>Anka Makine, hayvan yemi, seramik, deterjan, boyar madde, pigment ve polimerler dahil olmak \u00fczere \u00e7e\u015fitli ince ve d\u00f6kme kimyasallar\u0131n \u00fcretimi i\u00e7in geni\u015f bir ekipman yelpazesi tedarik etmektedir.<\/p><p>Binlerce testten elde edilen deneyime ve k\u00fcresel kimya end\u00fcstrisindeki \u00e7ok say\u0131da referansa dayanarak, kimya end\u00fcstrisi i\u00e7in Anka Makine tesisleri a\u015fa\u011f\u0131dakiler de dahil olmak \u00fczere uzun bir dizi kritik talebi kar\u015f\u0131lamaktad\u0131r:<\/p><ul><li><span style=\"text-decoration: underline;\">Y\u00fcksek kullan\u0131labilirlik<\/span><\/li><li><span style=\"text-decoration: underline;\">Tutarl\u0131 kalite ve tekd\u00fczelik<\/span><\/li><li><span style=\"text-decoration: underline;\">En d\u00fc\u015f\u00fck maliyetle en y\u00fcksek verim<\/span><\/li><li><span style=\"text-decoration: underline;\">Esneklik<\/span><\/li><li><span style=\"text-decoration: underline;\">Uyumluluk<\/span><\/li><li><span style=\"text-decoration: underline;\">G\u00fcvenlik<\/span><\/li><\/ul><h3>Uygulamalar<\/h3>\t\t\t\t\t\t\t\t<\/div>\n\t\t\t\t<\/div>\n\t\t\t\t<section class=\"elementor-section elementor-inner-section elementor-element elementor-element-4727462 elementor-section-boxed elementor-section-height-default elementor-section-height-default\" data-id=\"4727462\" data-element_type=\"section\" data-e-type=\"section\">\n\t\t\t\t\t\t<div class=\"elementor-container elementor-column-gap-default\">\n\t\t\t\t\t<div class=\"elementor-column elementor-col-50 elementor-inner-column elementor-element elementor-element-78c4e1f\" data-id=\"78c4e1f\" data-element_type=\"column\" data-e-type=\"column\">\n\t\t\t<div class=\"elementor-widget-wrap elementor-element-populated\">\n\t\t\t\t\t\t<div class=\"elementor-element elementor-element-0f71226 elementor-widget elementor-widget-text-editor\" data-id=\"0f71226\" data-element_type=\"widget\" data-e-type=\"widget\" data-widget_type=\"text-editor.default\">\n\t\t\t\t<div class=\"elementor-widget-container\">\n\t\t\t\t\t\t\t\t\t<ul class=\"list-style2\">\n \t<li>Zirai \u0130la\u00e7lar<\/li>\n \t<li>Yem \u00fcr\u00fcnleri<\/li>\n \t<li>Seramikler<\/li>\n \t<li>Sert metal<\/li>\n \t<li>Deterjanlar<\/li>\n<\/ul>\t\t\t\t\t\t\t\t<\/div>\n\t\t\t\t<\/div>\n\t\t\t\t\t<\/div>\n\t\t<\/div>\n\t\t\t\t<div class=\"elementor-column elementor-col-50 elementor-inner-column elementor-element elementor-element-3696468\" data-id=\"3696468\" data-element_type=\"column\" data-e-type=\"column\">\n\t\t\t<div class=\"elementor-widget-wrap elementor-element-populated\">\n\t\t\t\t\t\t<div class=\"elementor-element elementor-element-b9a1130 elementor-widget elementor-widget-text-editor\" data-id=\"b9a1130\" data-element_type=\"widget\" data-e-type=\"widget\" data-widget_type=\"text-editor.default\">\n\t\t\t\t<div class=\"elementor-widget-container\">\n\t\t\t\t\t\t\t\t\t<ul class=\"list-style2\">\n \t<li>Boyar maddeler ve pigmentler<\/li>\n \t<li>\u0130norganik kimyasallar<\/li>\n \t<li>Polimerler<\/li>\n \t<li>Tanenler<\/li>\n<\/ul>\t\t\t\t\t\t\t\t<\/div>\n\t\t\t\t<\/div>\n\t\t\t\t\t<\/div>\n\t\t<\/div>\n\t\t\t\t\t<\/div>\n\t\t<\/section>\n\t\t\t\t\t<\/div>\n\t\t<\/div>\n\t\t\t\t<div class=\"elementor-column elementor-col-50 elementor-top-column elementor-element elementor-element-ab68a84\" data-id=\"ab68a84\" data-element_type=\"column\" data-e-type=\"column\">\n\t\t\t<div class=\"elementor-widget-wrap elementor-element-populated\">\n\t\t\t\t\t\t<div class=\"elementor-element elementor-element-e27a37e gallery-spacing-custom elementor-widget elementor-widget-image-gallery\" data-id=\"e27a37e\" data-element_type=\"widget\" data-e-type=\"widget\" data-widget_type=\"image-gallery.default\">\n\t\t\t\t<div class=\"elementor-widget-container\">\n\t\t\t\t\t\t\t<div class=\"elementor-image-gallery\">\n\t\t\t<div id='gallery-1' class='gallery galleryid-2452 gallery-columns-1 gallery-size-full'><figure class='gallery-item'>\n\t\t\t<div class='gallery-icon landscape'>\n\t\t\t\t<a data-elementor-open-lightbox=\"yes\" data-elementor-lightbox-slideshow=\"e27a37e\" data-elementor-lightbox-title=\"Industrial,Automation,Factory,Food,Equipment,Pipe,Stainless,Tubes.\" data-e-action-hash=\"#elementor-action%3Aaction%3Dlightbox%26settings%3DeyJpZCI6Mjg0MywidXJsIjoiaHR0cHM6XC9cL2Fua2FtYWtpbmUuY29tXC93cC1jb250ZW50XC91cGxvYWRzXC8yMDIzXC8xMFwvY2hlbWljYWwyLXNjYWxlZC5qcGciLCJzbGlkZXNob3ciOiJlMjdhMzdlIn0%3D\" href='https:\/\/ankamakine.com\/wp-content\/uploads\/2023\/10\/chemical2-scaled.jpg'><img loading=\"lazy\" decoding=\"async\" width=\"2560\" height=\"1646\" src=\"https:\/\/ankamakine.com\/wp-content\/uploads\/2023\/10\/chemical2-scaled.jpg\" class=\"attachment-full size-full\" alt=\"\" srcset=\"https:\/\/ankamakine.com\/wp-content\/uploads\/2023\/10\/chemical2-scaled.jpg 2560w, https:\/\/ankamakine.com\/wp-content\/uploads\/2023\/10\/chemical2-300x193.jpg 300w, https:\/\/ankamakine.com\/wp-content\/uploads\/2023\/10\/chemical2-1024x658.jpg 1024w, https:\/\/ankamakine.com\/wp-content\/uploads\/2023\/10\/chemical2-768x494.jpg 768w, https:\/\/ankamakine.com\/wp-content\/uploads\/2023\/10\/chemical2-1536x987.jpg 1536w, https:\/\/ankamakine.com\/wp-content\/uploads\/2023\/10\/chemical2-2048x1317.jpg 2048w, https:\/\/ankamakine.com\/wp-content\/uploads\/2023\/10\/chemical2-18x12.jpg 18w\" sizes=\"auto, (max-width: 2560px) 100vw, 2560px\" \/><\/a>\n\t\t\t<\/div><\/figure><figure class='gallery-item'>\n\t\t\t<div class='gallery-icon landscape'>\n\t\t\t\t<a data-elementor-open-lightbox=\"yes\" data-elementor-lightbox-slideshow=\"e27a37e\" data-elementor-lightbox-title=\"Teamwork:,Group,Of,Industrial,Workers,In,A,Refinery,-,Oil\" data-e-action-hash=\"#elementor-action%3Aaction%3Dlightbox%26settings%3DeyJpZCI6Mjg0MiwidXJsIjoiaHR0cHM6XC9cL2Fua2FtYWtpbmUuY29tXC93cC1jb250ZW50XC91cGxvYWRzXC8yMDIzXC8xMFwvY2hlbWljYWwtc2NhbGVkLmpwZyIsInNsaWRlc2hvdyI6ImUyN2EzN2UifQ%3D%3D\" href='https:\/\/ankamakine.com\/wp-content\/uploads\/2023\/10\/chemical-scaled.jpg'><img loading=\"lazy\" decoding=\"async\" width=\"2560\" height=\"1709\" src=\"https:\/\/ankamakine.com\/wp-content\/uploads\/2023\/10\/chemical-scaled.jpg\" class=\"attachment-full size-full\" alt=\"\" srcset=\"https:\/\/ankamakine.com\/wp-content\/uploads\/2023\/10\/chemical-scaled.jpg 2560w, https:\/\/ankamakine.com\/wp-content\/uploads\/2023\/10\/chemical-300x200.jpg 300w, https:\/\/ankamakine.com\/wp-content\/uploads\/2023\/10\/chemical-1024x683.jpg 1024w, https:\/\/ankamakine.com\/wp-content\/uploads\/2023\/10\/chemical-768x513.jpg 768w, https:\/\/ankamakine.com\/wp-content\/uploads\/2023\/10\/chemical-1536x1025.jpg 1536w, https:\/\/ankamakine.com\/wp-content\/uploads\/2023\/10\/chemical-2048x1367.jpg 2048w, https:\/\/ankamakine.com\/wp-content\/uploads\/2023\/10\/chemical-18x12.jpg 18w\" sizes=\"auto, (max-width: 2560px) 100vw, 2560px\" \/><\/a>\n\t\t\t<\/div><\/figure>\n\t\t<\/div>\n\t\t<\/div>\n\t\t\t\t\t\t<\/div>\n\t\t\t\t<\/div>\n\t\t\t\t\t<\/div>\n\t\t<\/div>\n\t\t\t\t\t<\/div>\n\t\t<\/section>\n\t\t\t\t<\/div>","protected":false},"excerpt":{"rendered":"<p>Anka Makine supplies of a broad range of equipment for the manufacture of a variety of fine and bulk chemicals including animal feed, ceramics, detergents, dyestuffs, pigments and polymers. Based on experience from many thousands of tests and a large number of references in the global chemical industry, Anka Makine plants for the chemical industry [&hellip;]<\/p>\n","protected":false},"author":1,"featured_media":0,"parent":2369,"menu_order":0,"comment_status":"closed","ping_status":"closed","template":"","meta":{"_acf_changed":false,"nf_dc_page":"","inline_featured_image":false,"footnotes":""},"class_list":["post-2452","page","type-page","status-publish","hentry"],"acf":[],"_links":{"self":[{"href":"https:\/\/ankamakine.com\/tr\/wp-json\/wp\/v2\/pages\/2452","targetHints":{"allow":["GET"]}}],"collection":[{"href":"https:\/\/ankamakine.com\/tr\/wp-json\/wp\/v2\/pages"}],"about":[{"href":"https:\/\/ankamakine.com\/tr\/wp-json\/wp\/v2\/types\/page"}],"author":[{"embeddable":true,"href":"https:\/\/ankamakine.com\/tr\/wp-json\/wp\/v2\/users\/1"}],"replies":[{"embeddable":true,"href":"https:\/\/ankamakine.com\/tr\/wp-json\/wp\/v2\/comments?post=2452"}],"version-history":[{"count":12,"href":"https:\/\/ankamakine.com\/tr\/wp-json\/wp\/v2\/pages\/2452\/revisions"}],"predecessor-version":[{"id":2875,"href":"https:\/\/ankamakine.com\/tr\/wp-json\/wp\/v2\/pages\/2452\/revisions\/2875"}],"up":[{"embeddable":true,"href":"https:\/\/ankamakine.com\/tr\/wp-json\/wp\/v2\/pages\/2369"}],"wp:attachment":[{"href":"https:\/\/ankamakine.com\/tr\/wp-json\/wp\/v2\/media?parent=2452"}],"curies":[{"name":"wp","href":"https:\/\/api.w.org\/{rel}","templated":true}]}}