{"id":2439,"date":"2023-08-06T20:26:02","date_gmt":"2023-08-06T17:26:02","guid":{"rendered":"http:\/\/anka.eticra.com\/?page_id=2439"},"modified":"2023-10-30T16:13:16","modified_gmt":"2023-10-30T13:13:16","slug":"dairy","status":"publish","type":"page","link":"https:\/\/ankamakine.com\/tr\/uygulamalar\/mandira\/","title":{"rendered":"S\u00fct \u00dcr\u00fcnleri"},"content":{"rendered":"<div data-elementor-type=\"wp-page\" data-elementor-id=\"2439\" class=\"elementor elementor-2439\">\n\t\t\t\t\t\t<section class=\"elementor-section elementor-top-section elementor-element elementor-element-ff384ed elementor-section-full_width elementor-section-height-default elementor-section-height-default\" data-id=\"ff384ed\" data-element_type=\"section\" data-e-type=\"section\">\n\t\t\t\t\t\t<div class=\"elementor-container elementor-column-gap-default\">\n\t\t\t\t\t<div class=\"elementor-column elementor-col-50 elementor-top-column elementor-element elementor-element-4593e75\" data-id=\"4593e75\" data-element_type=\"column\" data-e-type=\"column\">\n\t\t\t<div class=\"elementor-widget-wrap elementor-element-populated\">\n\t\t\t\t\t\t<div class=\"elementor-element elementor-element-6448cbb elementor-widget elementor-widget-text-editor\" data-id=\"6448cbb\" data-element_type=\"widget\" data-e-type=\"widget\" data-widget_type=\"text-editor.default\">\n\t\t\t\t<div class=\"elementor-widget-container\">\n\t\t\t\t\t\t\t\t\t<p>S\u00fcrekli de\u011fi\u015fen t\u00fcketici zevkleri ve e\u011filimleri, artan k\u00fcreselle\u015fme ile birle\u015fti\u011finde, s\u00fct i\u015fletmelerinin rekabet\u00e7i konumlar\u0131n\u0131 s\u00fcrd\u00fcrmek ve geni\u015fletmek i\u00e7in s\u00fcrekli, proaktif yeni \u00fcr\u00fcn geli\u015ftirme ihtiyac\u0131 ile kar\u015f\u0131 kar\u015f\u0131ya olduklar\u0131 anlam\u0131na gelmektedir.<\/p><p>Anka Makine, esneklik, verimlilik ve g\u00fcvenilirlik i\u00e7in tasarlanm\u0131\u015f devrim niteli\u011findeki uygulamalar\u0131n yan\u0131 s\u0131ra buharla\u015ft\u0131rma ve kurutma \u00e7\u00f6z\u00fcmlerinin tan\u0131nm\u0131\u015f bir tedarik\u00e7isidir.<\/p><h3>Uygulamalar<\/h3>\t\t\t\t\t\t\t\t<\/div>\n\t\t\t\t<\/div>\n\t\t\t\t<section class=\"elementor-section elementor-inner-section elementor-element elementor-element-15e7126 elementor-section-boxed elementor-section-height-default elementor-section-height-default\" data-id=\"15e7126\" data-element_type=\"section\" data-e-type=\"section\">\n\t\t\t\t\t\t<div class=\"elementor-container elementor-column-gap-default\">\n\t\t\t\t\t<div class=\"elementor-column elementor-col-50 elementor-inner-column elementor-element elementor-element-b6eb138\" data-id=\"b6eb138\" data-element_type=\"column\" data-e-type=\"column\">\n\t\t\t<div class=\"elementor-widget-wrap elementor-element-populated\">\n\t\t\t\t\t\t<div class=\"elementor-element elementor-element-0e8fbd1 elementor-widget elementor-widget-text-editor\" data-id=\"0e8fbd1\" data-element_type=\"widget\" data-e-type=\"widget\" data-widget_type=\"text-editor.default\">\n\t\t\t\t<div class=\"elementor-widget-container\">\n\t\t\t\t\t\t\t\t\t<ul class=\"list-style2\"><li>Bebek mamas\u0131 form\u00fclasyonlar\u0131<\/li><li>Ayran<\/li><li>Kazein\/Kazeinatlar<\/li><li>Peynir<\/li><li>Kahve beyazlat\u0131c\u0131 (s\u00fct \u00fcr\u00fcn\u00fc olmayan krema)<\/li><li>Laktoz<\/li><\/ul>\t\t\t\t\t\t\t\t<\/div>\n\t\t\t\t<\/div>\n\t\t\t\t\t<\/div>\n\t\t<\/div>\n\t\t\t\t<div class=\"elementor-column elementor-col-50 elementor-inner-column elementor-element elementor-element-e6bdfe7\" data-id=\"e6bdfe7\" data-element_type=\"column\" data-e-type=\"column\">\n\t\t\t<div class=\"elementor-widget-wrap elementor-element-populated\">\n\t\t\t\t\t\t<div class=\"elementor-element elementor-element-6f52bd9 elementor-widget elementor-widget-text-editor\" data-id=\"6f52bd9\" data-element_type=\"widget\" data-e-type=\"widget\" data-widget_type=\"text-editor.default\">\n\t\t\t\t<div class=\"elementor-widget-container\">\n\t\t\t\t\t\t\t\t\t<ul class=\"list-style2\">\n \t<li>S\u00fct (ya\u011fs\u0131z s\u00fct, tam ya\u011fl\u0131 s\u00fct)<\/li>\n \t<li>S\u00fct ikame form\u00fclasyonlar\u0131<\/li>\n \t<li>Permeate<\/li>\n \t<li>Tatl\u0131 ve yo\u011funla\u015ft\u0131r\u0131lm\u0131\u015f s\u00fct<\/li>\n \t<li>Peynir alt\u0131 suyu<\/li>\n \t<li>Peynir alt\u0131 suyu proteini<\/li>\n<\/ul>\t\t\t\t\t\t\t\t<\/div>\n\t\t\t\t<\/div>\n\t\t\t\t\t<\/div>\n\t\t<\/div>\n\t\t\t\t\t<\/div>\n\t\t<\/section>\n\t\t\t\t\t<\/div>\n\t\t<\/div>\n\t\t\t\t<div class=\"elementor-column elementor-col-50 elementor-top-column elementor-element elementor-element-0aaf4b7\" data-id=\"0aaf4b7\" data-element_type=\"column\" data-e-type=\"column\">\n\t\t\t<div class=\"elementor-widget-wrap elementor-element-populated\">\n\t\t\t\t\t\t<div class=\"elementor-element elementor-element-5616e21 gallery-spacing-custom elementor-widget elementor-widget-image-gallery\" data-id=\"5616e21\" data-element_type=\"widget\" data-e-type=\"widget\" data-widget_type=\"image-gallery.default\">\n\t\t\t\t<div class=\"elementor-widget-container\">\n\t\t\t\t\t\t\t<div class=\"elementor-image-gallery\">\n\t\t\t<div id='gallery-1' class='gallery galleryid-2439 gallery-columns-1 gallery-size-full'><figure class='gallery-item'>\n\t\t\t<div class='gallery-icon landscape'>\n\t\t\t\t<a data-elementor-open-lightbox=\"yes\" data-elementor-lightbox-slideshow=\"5616e21\" data-elementor-lightbox-title=\"diary1\" data-e-action-hash=\"#elementor-action%3Aaction%3Dlightbox%26settings%3DeyJpZCI6Mjg5OCwidXJsIjoiaHR0cHM6XC9cL2Fua2FtYWtpbmUuY29tXC93cC1jb250ZW50XC91cGxvYWRzXC8yMDIzXC8xMFwvZGlhcnkxLmpwZyIsInNsaWRlc2hvdyI6IjU2MTZlMjEifQ%3D%3D\" href='https:\/\/ankamakine.com\/wp-content\/uploads\/2023\/10\/diary1.jpg'><img loading=\"lazy\" decoding=\"async\" width=\"1600\" height=\"1066\" src=\"https:\/\/ankamakine.com\/wp-content\/uploads\/2023\/10\/diary1.jpg\" class=\"attachment-full size-full\" alt=\"\" srcset=\"https:\/\/ankamakine.com\/wp-content\/uploads\/2023\/10\/diary1.jpg 1600w, https:\/\/ankamakine.com\/wp-content\/uploads\/2023\/10\/diary1-300x200.jpg 300w, https:\/\/ankamakine.com\/wp-content\/uploads\/2023\/10\/diary1-1024x682.jpg 1024w, https:\/\/ankamakine.com\/wp-content\/uploads\/2023\/10\/diary1-768x512.jpg 768w, https:\/\/ankamakine.com\/wp-content\/uploads\/2023\/10\/diary1-1536x1023.jpg 1536w, https:\/\/ankamakine.com\/wp-content\/uploads\/2023\/10\/diary1-18x12.jpg 18w\" sizes=\"auto, (max-width: 1600px) 100vw, 1600px\" \/><\/a>\n\t\t\t<\/div><\/figure><figure class='gallery-item'>\n\t\t\t<div class='gallery-icon landscape'>\n\t\t\t\t<a data-elementor-open-lightbox=\"yes\" data-elementor-lightbox-slideshow=\"5616e21\" data-elementor-lightbox-title=\"diary2\" data-e-action-hash=\"#elementor-action%3Aaction%3Dlightbox%26settings%3DeyJpZCI6Mjg5OSwidXJsIjoiaHR0cHM6XC9cL2Fua2FtYWtpbmUuY29tXC93cC1jb250ZW50XC91cGxvYWRzXC8yMDIzXC8xMFwvZGlhcnkyLmpwZyIsInNsaWRlc2hvdyI6IjU2MTZlMjEifQ%3D%3D\" href='https:\/\/ankamakine.com\/wp-content\/uploads\/2023\/10\/diary2.jpg'><img loading=\"lazy\" decoding=\"async\" width=\"1600\" height=\"1066\" src=\"https:\/\/ankamakine.com\/wp-content\/uploads\/2023\/10\/diary2.jpg\" class=\"attachment-full size-full\" alt=\"\" srcset=\"https:\/\/ankamakine.com\/wp-content\/uploads\/2023\/10\/diary2.jpg 1600w, https:\/\/ankamakine.com\/wp-content\/uploads\/2023\/10\/diary2-300x200.jpg 300w, https:\/\/ankamakine.com\/wp-content\/uploads\/2023\/10\/diary2-1024x682.jpg 1024w, https:\/\/ankamakine.com\/wp-content\/uploads\/2023\/10\/diary2-768x512.jpg 768w, https:\/\/ankamakine.com\/wp-content\/uploads\/2023\/10\/diary2-1536x1023.jpg 1536w, https:\/\/ankamakine.com\/wp-content\/uploads\/2023\/10\/diary2-18x12.jpg 18w\" sizes=\"auto, (max-width: 1600px) 100vw, 1600px\" \/><\/a>\n\t\t\t<\/div><\/figure>\n\t\t<\/div>\n\t\t<\/div>\n\t\t\t\t\t\t<\/div>\n\t\t\t\t<\/div>\n\t\t\t\t\t<\/div>\n\t\t<\/div>\n\t\t\t\t\t<\/div>\n\t\t<\/section>\n\t\t\t\t<\/div>","protected":false},"excerpt":{"rendered":"<p>Ever-changing consumer tastes and trends combined with increasing globalization mean that dairies face the need for constant, proactive new product development in order to sustain and expand their competitive position. Anka Makine is a well known supplier of evaporation and drying solutions, as well as revolutionary applications, that are designed for flexibility, efficiency and reliability. [&hellip;]<\/p>\n","protected":false},"author":1,"featured_media":0,"parent":2369,"menu_order":0,"comment_status":"closed","ping_status":"closed","template":"","meta":{"_acf_changed":false,"nf_dc_page":"","inline_featured_image":false,"footnotes":""},"class_list":["post-2439","page","type-page","status-publish","hentry"],"acf":[],"_links":{"self":[{"href":"https:\/\/ankamakine.com\/tr\/wp-json\/wp\/v2\/pages\/2439","targetHints":{"allow":["GET"]}}],"collection":[{"href":"https:\/\/ankamakine.com\/tr\/wp-json\/wp\/v2\/pages"}],"about":[{"href":"https:\/\/ankamakine.com\/tr\/wp-json\/wp\/v2\/types\/page"}],"author":[{"embeddable":true,"href":"https:\/\/ankamakine.com\/tr\/wp-json\/wp\/v2\/users\/1"}],"replies":[{"embeddable":true,"href":"https:\/\/ankamakine.com\/tr\/wp-json\/wp\/v2\/comments?post=2439"}],"version-history":[{"count":17,"href":"https:\/\/ankamakine.com\/tr\/wp-json\/wp\/v2\/pages\/2439\/revisions"}],"predecessor-version":[{"id":2902,"href":"https:\/\/ankamakine.com\/tr\/wp-json\/wp\/v2\/pages\/2439\/revisions\/2902"}],"up":[{"embeddable":true,"href":"https:\/\/ankamakine.com\/tr\/wp-json\/wp\/v2\/pages\/2369"}],"wp:attachment":[{"href":"https:\/\/ankamakine.com\/tr\/wp-json\/wp\/v2\/media?parent=2439"}],"curies":[{"name":"wp","href":"https:\/\/api.w.org\/{rel}","templated":true}]}}