{"id":2410,"date":"2023-08-06T20:11:52","date_gmt":"2023-08-06T17:11:52","guid":{"rendered":"http:\/\/anka.eticra.com\/?page_id=2410"},"modified":"2023-10-30T16:12:31","modified_gmt":"2023-10-30T13:12:31","slug":"food","status":"publish","type":"page","link":"https:\/\/ankamakine.com\/tr\/uygulamalar\/yemek\/","title":{"rendered":"G\u0131da"},"content":{"rendered":"<div data-elementor-type=\"wp-page\" data-elementor-id=\"2410\" class=\"elementor elementor-2410\">\n\t\t\t\t\t\t<section class=\"elementor-section elementor-top-section elementor-element elementor-element-d440acf elementor-section-full_width elementor-section-height-default elementor-section-height-default\" data-id=\"d440acf\" data-element_type=\"section\" data-e-type=\"section\">\n\t\t\t\t\t\t<div class=\"elementor-container elementor-column-gap-default\">\n\t\t\t\t\t<div class=\"elementor-column elementor-col-50 elementor-top-column elementor-element elementor-element-0ac89d2\" data-id=\"0ac89d2\" data-element_type=\"column\" data-e-type=\"column\">\n\t\t\t<div class=\"elementor-widget-wrap elementor-element-populated\">\n\t\t\t\t\t\t<div class=\"elementor-element elementor-element-8366fb4 elementor-widget elementor-widget-text-editor\" data-id=\"8366fb4\" data-element_type=\"widget\" data-e-type=\"widget\" data-widget_type=\"text-editor.default\">\n\t\t\t\t<div class=\"elementor-widget-container\">\n\t\t\t\t\t\t\t\t\t<p>Modern ya\u015fam tarz\u0131 ve aile al\u0131\u015fkanl\u0131klar\u0131 uzun zamand\u0131r cazip ve kolay haz\u0131rlanabilen haz\u0131r g\u0131dalara ihtiya\u00e7 duyulmas\u0131na neden olmu\u015ftur. \u015eimdi ise ya\u011f oran\u0131 azalt\u0131lm\u0131\u015f sa\u011fl\u0131kl\u0131, lezzetli ve besleyici g\u0131dalara y\u00f6nelik ek bir talep var.<\/p><p>G\u0131da end\u00fcstrisine y\u00f6nelik Anka Makine i\u015fleme teknolojileri, m\u00fcmk\u00fcn olan en d\u00fc\u015f\u00fck maliyetle y\u00fcksek verim sa\u011flarken besin i\u00e7eri\u011fini, aromalar\u0131, dokuyu ve lezzeti korumaya yard\u0131mc\u0131 olur. Bu, esneklik, verimlilik ve g\u00fcvenilirlik i\u00e7in tasarlanm\u0131\u015f \u00f6zelle\u015ftirilmi\u015f tesis \u00e7\u00f6z\u00fcmleri ile elde edilir.<\/p><h3>Uygulamalar<\/h3>\t\t\t\t\t\t\t\t<\/div>\n\t\t\t\t<\/div>\n\t\t\t\t<section class=\"elementor-section elementor-inner-section elementor-element elementor-element-530dd77 elementor-section-boxed elementor-section-height-default elementor-section-height-default\" data-id=\"530dd77\" data-element_type=\"section\" data-e-type=\"section\">\n\t\t\t\t\t\t<div class=\"elementor-container elementor-column-gap-default\">\n\t\t\t\t\t<div class=\"elementor-column elementor-col-50 elementor-inner-column elementor-element elementor-element-f6f4f4c\" data-id=\"f6f4f4c\" data-element_type=\"column\" data-e-type=\"column\">\n\t\t\t<div class=\"elementor-widget-wrap elementor-element-populated\">\n\t\t\t\t\t\t<div class=\"elementor-element elementor-element-2a4b688 elementor-widget elementor-widget-text-editor\" data-id=\"2a4b688\" data-element_type=\"widget\" data-e-type=\"widget\" data-widget_type=\"text-editor.default\">\n\t\t\t\t<div class=\"elementor-widget-container\">\n\t\t\t\t\t\t\t\t\t<ul class=\"list-style2\"><li>Meyve \u0130\u015fleme<\/li><li>\u0130\u00e7ecek beyazlat\u0131c\u0131lar\u0131<\/li><li>Bira fabrikas\u0131 \u00fcr\u00fcnleri<\/li><li>Karbonhidratlar<\/li><li>Tah\u0131llar<\/li><li>Yumurta (b\u00fct\u00fcn, beyaz, sar\u0131s\u0131)<\/li><\/ul>\t\t\t\t\t\t\t\t<\/div>\n\t\t\t\t<\/div>\n\t\t\t\t\t<\/div>\n\t\t<\/div>\n\t\t\t\t<div class=\"elementor-column elementor-col-50 elementor-inner-column elementor-element elementor-element-e631a04\" data-id=\"e631a04\" data-element_type=\"column\" data-e-type=\"column\">\n\t\t\t<div class=\"elementor-widget-wrap elementor-element-populated\">\n\t\t\t\t\t\t<div class=\"elementor-element elementor-element-91d1de4 elementor-widget elementor-widget-text-editor\" data-id=\"91d1de4\" data-element_type=\"widget\" data-e-type=\"widget\" data-widget_type=\"text-editor.default\">\n\t\t\t\t<div class=\"elementor-widget-container\">\n\t\t\t\t\t\t\t\t\t<ul class=\"list-style2\">\n \t<li>G\u0131da aromalar\u0131\/katk\u0131 maddeleri<\/li>\n \t<li>Sa\u011fl\u0131k\/diyet form\u00fclasyonlar\u0131<\/li>\n \t<li>Dondurma kar\u0131\u015f\u0131mlar\u0131<\/li>\n \t<li>Soya \u00fcr\u00fcnleri (sos, s\u00fct, protein izolat\u0131)<\/li>\n \t<li>Maya<\/li>\n \t<li>Hayvan Yemi<\/li>\n<\/ul>\t\t\t\t\t\t\t\t<\/div>\n\t\t\t\t<\/div>\n\t\t\t\t\t<\/div>\n\t\t<\/div>\n\t\t\t\t\t<\/div>\n\t\t<\/section>\n\t\t\t\t\t<\/div>\n\t\t<\/div>\n\t\t\t\t<div class=\"elementor-column elementor-col-50 elementor-top-column elementor-element elementor-element-0f594f1\" data-id=\"0f594f1\" data-element_type=\"column\" data-e-type=\"column\">\n\t\t\t<div class=\"elementor-widget-wrap elementor-element-populated\">\n\t\t\t\t\t\t<div class=\"elementor-element elementor-element-558fe4e gallery-spacing-custom elementor-widget elementor-widget-image-gallery\" data-id=\"558fe4e\" data-element_type=\"widget\" data-e-type=\"widget\" data-widget_type=\"image-gallery.default\">\n\t\t\t\t<div class=\"elementor-widget-container\">\n\t\t\t\t\t\t\t<div class=\"elementor-image-gallery\">\n\t\t\t<div id='gallery-1' class='gallery galleryid-2410 gallery-columns-1 gallery-size-full'><figure class='gallery-item'>\n\t\t\t<div class='gallery-icon landscape'>\n\t\t\t\t<a data-elementor-open-lightbox=\"yes\" data-elementor-lightbox-slideshow=\"558fe4e\" data-elementor-lightbox-title=\"Brewing,Production,-,Fermentation,Department\" data-e-action-hash=\"#elementor-action%3Aaction%3Dlightbox%26settings%3DeyJpZCI6Mjg0NiwidXJsIjoiaHR0cHM6XC9cL2Fua2FtYWtpbmUuY29tXC93cC1jb250ZW50XC91cGxvYWRzXC8yMDIzXC8xMFwvZm9vZDEtc2NhbGVkLmpwZyIsInNsaWRlc2hvdyI6IjU1OGZlNGUifQ%3D%3D\" href='https:\/\/ankamakine.com\/wp-content\/uploads\/2023\/10\/food1-scaled.jpg'><img loading=\"lazy\" decoding=\"async\" width=\"2560\" height=\"1707\" src=\"https:\/\/ankamakine.com\/wp-content\/uploads\/2023\/10\/food1-scaled.jpg\" class=\"attachment-full size-full\" alt=\"\" srcset=\"https:\/\/ankamakine.com\/wp-content\/uploads\/2023\/10\/food1-scaled.jpg 2560w, https:\/\/ankamakine.com\/wp-content\/uploads\/2023\/10\/food1-300x200.jpg 300w, https:\/\/ankamakine.com\/wp-content\/uploads\/2023\/10\/food1-1024x683.jpg 1024w, https:\/\/ankamakine.com\/wp-content\/uploads\/2023\/10\/food1-768x512.jpg 768w, https:\/\/ankamakine.com\/wp-content\/uploads\/2023\/10\/food1-1536x1024.jpg 1536w, https:\/\/ankamakine.com\/wp-content\/uploads\/2023\/10\/food1-2048x1365.jpg 2048w, https:\/\/ankamakine.com\/wp-content\/uploads\/2023\/10\/food1-18x12.jpg 18w\" sizes=\"auto, (max-width: 2560px) 100vw, 2560px\" \/><\/a>\n\t\t\t<\/div><\/figure><figure class='gallery-item'>\n\t\t\t<div class='gallery-icon landscape'>\n\t\t\t\t<a data-elementor-open-lightbox=\"yes\" data-elementor-lightbox-slideshow=\"558fe4e\" data-elementor-lightbox-title=\"Many,Multi,Colored,Spices,And,Dried,Fruits,On,The,Table.\" data-e-action-hash=\"#elementor-action%3Aaction%3Dlightbox%26settings%3DeyJpZCI6Mjg5NCwidXJsIjoiaHR0cHM6XC9cL2Fua2FtYWtpbmUuY29tXC93cC1jb250ZW50XC91cGxvYWRzXC8yMDIzXC8xMFwvc2h1dHRlcnN0b2NrXzE3NDgyMjMwMTctc2NhbGVkLmpwZyIsInNsaWRlc2hvdyI6IjU1OGZlNGUifQ%3D%3D\" href='https:\/\/ankamakine.com\/wp-content\/uploads\/2023\/10\/shutterstock_1748223017-scaled.jpg'><img loading=\"lazy\" decoding=\"async\" width=\"2560\" height=\"1707\" src=\"https:\/\/ankamakine.com\/wp-content\/uploads\/2023\/10\/shutterstock_1748223017-scaled.jpg\" class=\"attachment-full size-full\" alt=\"\" srcset=\"https:\/\/ankamakine.com\/wp-content\/uploads\/2023\/10\/shutterstock_1748223017-scaled.jpg 2560w, https:\/\/ankamakine.com\/wp-content\/uploads\/2023\/10\/shutterstock_1748223017-300x200.jpg 300w, https:\/\/ankamakine.com\/wp-content\/uploads\/2023\/10\/shutterstock_1748223017-1024x683.jpg 1024w, https:\/\/ankamakine.com\/wp-content\/uploads\/2023\/10\/shutterstock_1748223017-768x512.jpg 768w, https:\/\/ankamakine.com\/wp-content\/uploads\/2023\/10\/shutterstock_1748223017-1536x1024.jpg 1536w, https:\/\/ankamakine.com\/wp-content\/uploads\/2023\/10\/shutterstock_1748223017-2048x1365.jpg 2048w, https:\/\/ankamakine.com\/wp-content\/uploads\/2023\/10\/shutterstock_1748223017-18x12.jpg 18w\" sizes=\"auto, (max-width: 2560px) 100vw, 2560px\" \/><\/a>\n\t\t\t<\/div><\/figure>\n\t\t<\/div>\n\t\t<\/div>\n\t\t\t\t\t\t<\/div>\n\t\t\t\t<\/div>\n\t\t\t\t\t<\/div>\n\t\t<\/div>\n\t\t\t\t\t<\/div>\n\t\t<\/section>\n\t\t\t\t<\/div>","protected":false},"excerpt":{"rendered":"<p>Modern lifestyle and family patterns have long dictated a need for attractive and easy-to-prepare convenience foods. Now there is an additional demand for healthy, tasty and nutritious foods with a reduced fat content. Anka Makine processing technologies for the food industry help to protect nutritional content, aromas, texture and flavor while delivering high yield at [&hellip;]<\/p>\n","protected":false},"author":1,"featured_media":0,"parent":2369,"menu_order":0,"comment_status":"closed","ping_status":"closed","template":"","meta":{"_acf_changed":false,"nf_dc_page":"","inline_featured_image":false,"footnotes":""},"class_list":["post-2410","page","type-page","status-publish","hentry"],"acf":[],"_links":{"self":[{"href":"https:\/\/ankamakine.com\/tr\/wp-json\/wp\/v2\/pages\/2410","targetHints":{"allow":["GET"]}}],"collection":[{"href":"https:\/\/ankamakine.com\/tr\/wp-json\/wp\/v2\/pages"}],"about":[{"href":"https:\/\/ankamakine.com\/tr\/wp-json\/wp\/v2\/types\/page"}],"author":[{"embeddable":true,"href":"https:\/\/ankamakine.com\/tr\/wp-json\/wp\/v2\/users\/1"}],"replies":[{"embeddable":true,"href":"https:\/\/ankamakine.com\/tr\/wp-json\/wp\/v2\/comments?post=2410"}],"version-history":[{"count":36,"href":"https:\/\/ankamakine.com\/tr\/wp-json\/wp\/v2\/pages\/2410\/revisions"}],"predecessor-version":[{"id":2897,"href":"https:\/\/ankamakine.com\/tr\/wp-json\/wp\/v2\/pages\/2410\/revisions\/2897"}],"up":[{"embeddable":true,"href":"https:\/\/ankamakine.com\/tr\/wp-json\/wp\/v2\/pages\/2369"}],"wp:attachment":[{"href":"https:\/\/ankamakine.com\/tr\/wp-json\/wp\/v2\/media?parent=2410"}],"curies":[{"name":"wp","href":"https:\/\/api.w.org\/{rel}","templated":true}]}}