{"id":2369,"date":"2023-08-06T20:02:15","date_gmt":"2023-08-06T17:02:15","guid":{"rendered":"http:\/\/anka.eticra.com\/?page_id=2369"},"modified":"2023-10-31T14:06:50","modified_gmt":"2023-10-31T11:06:50","slug":"applications","status":"publish","type":"page","link":"https:\/\/ankamakine.com\/tr\/uygulamalar\/","title":{"rendered":"Uygulamalar"},"content":{"rendered":"<div data-elementor-type=\"wp-page\" data-elementor-id=\"2369\" class=\"elementor elementor-2369\">\n\t\t\t\t\t\t<div class=\"elementor-section elementor-top-section elementor-element elementor-element-8f4d3d7 elementor-section-stretched elementor-section-boxed elementor-section-height-default elementor-section-height-default\" data-id=\"8f4d3d7\" data-element_type=\"section\" data-e-type=\"section\" data-settings=\"{&quot;background_background&quot;:&quot;gradient&quot;,&quot;stretch_section&quot;:&quot;section-stretched&quot;}\">\n\t\t\t\t\t\t<div class=\"elementor-container elementor-column-gap-default\">\n\t\t\t\t\t<div class=\"elementor-column elementor-col-100 elementor-top-column elementor-element elementor-element-7bfec3d\" data-id=\"7bfec3d\" data-element_type=\"column\" data-e-type=\"column\">\n\t\t\t<div class=\"elementor-widget-wrap elementor-element-populated\">\n\t\t\t\t\t\t<div class=\"elementor-section elementor-inner-section elementor-element elementor-element-49aca77 elementor-section-boxed elementor-section-height-default elementor-section-height-default\" data-id=\"49aca77\" data-element_type=\"section\" data-e-type=\"section\">\n\t\t\t\t\t\t<div class=\"elementor-container elementor-column-gap-extended\">\n\t\t\t\t\t<div class=\"elementor-column elementor-col-50 elementor-inner-column elementor-element elementor-element-13a8724\" data-id=\"13a8724\" data-element_type=\"column\" data-e-type=\"column\">\n\t\t\t<div class=\"elementor-widget-wrap elementor-element-populated\">\n\t\t\t\t\t\t<div class=\"elementor-element elementor-element-a962d5e elementor-widget elementor-widget-heading\" data-id=\"a962d5e\" data-element_type=\"widget\" data-e-type=\"widget\" data-widget_type=\"heading.default\">\n\t\t\t\t<div class=\"elementor-widget-container\">\n\t\t\t\t\t<h6 class=\"elementor-heading-title elementor-size-default\">Uygulamalar<\/h6>\t\t\t\t<\/div>\n\t\t\t\t<\/div>\n\t\t\t\t<div class=\"elementor-element elementor-element-d28d78d elementor-widget elementor-widget-heading\" data-id=\"d28d78d\" data-element_type=\"widget\" data-e-type=\"widget\" data-widget_type=\"heading.default\">\n\t\t\t\t<div class=\"elementor-widget-container\">\n\t\t\t\t\t<h2 class=\"elementor-heading-title elementor-size-default\">Anka Makine \u00c7e\u015fitli Sanayi Sekt\u00f6rleri \u0130\u00e7in Y\u00fcksek Teknolojiler \u0130\u015fliyor<\/h2>\t\t\t\t<\/div>\n\t\t\t\t<\/div>\n\t\t\t\t\t<\/div>\n\t\t<\/div>\n\t\t\t\t<div class=\"elementor-column elementor-col-50 elementor-inner-column elementor-element elementor-element-d8fd6d4\" data-id=\"d8fd6d4\" data-element_type=\"column\" data-e-type=\"column\">\n\t\t\t<div class=\"elementor-widget-wrap elementor-element-populated\">\n\t\t\t\t\t\t<div class=\"elementor-element elementor-element-452e249 brAccent elementor-hidden-tablet elementor-hidden-mobile elementor-widget elementor-widget-text-editor\" data-id=\"452e249\" data-element_type=\"widget\" data-e-type=\"widget\" data-widget_type=\"text-editor.default\">\n\t\t\t\t<div class=\"elementor-widget-container\">\n\t\t\t\t\t\t\t\t\t\u0130\u015fletmenizin g\u00fcn\u00fcm\u00fcz pazar\u0131nda yol alabilmesi i\u00e7in g\u00fc\u00e7l\u00fc \u00e7\u00f6z\u00fcmlere ve rehberli\u011fe ihtiyac\u0131 var\t\t\t\t\t\t\t\t<\/div>\n\t\t\t\t<\/div>\n\t\t\t\t<div class=\"elementor-element elementor-element-94b7421 elementor-align-justify elementor-widget__width-initial elementor-absolute elementor-hidden-tablet elementor-hidden-mobile elementor-widget elementor-widget-button\" data-id=\"94b7421\" data-element_type=\"widget\" data-e-type=\"widget\" data-settings=\"{&quot;_position&quot;:&quot;absolute&quot;}\" data-widget_type=\"button.default\">\n\t\t\t\t<div class=\"elementor-widget-container\">\n\t\t\t\t\t\t\t\t\t<div class=\"elementor-button-wrapper\">\n\t\t\t\t\t<a class=\"elementor-button elementor-button-link elementor-size-sm\" href=\"https:\/\/ankamakine.com\/tr\/urunlerimiz-2\/\">\n\t\t\t\t\t\t<span class=\"elementor-button-content-wrapper\">\n\t\t\t\t\t\t\t\t\t<span class=\"elementor-button-text\">\u00dcR\u00dcNLER\u0130M\u0130Z<\/span>\n\t\t\t\t\t<\/span>\n\t\t\t\t\t<\/a>\n\t\t\t\t<\/div>\n\t\t\t\t\t\t\t\t<\/div>\n\t\t\t\t<\/div>\n\t\t\t\t\t<\/div>\n\t\t<\/div>\n\t\t\t\t\t<\/div>\n\t\t<\/div>\n\t\t\t\t<div class=\"elementor-element elementor-element-e3c6ce6 pp-info-box-above-title elementor-widget elementor-widget-pp-info-box-carousel\" data-id=\"e3c6ce6\" data-element_type=\"widget\" data-e-type=\"widget\" data-widget_type=\"pp-info-box-carousel.default\">\n\t\t\t\t<div class=\"elementor-widget-container\">\n\t\t\t\t\t\t\t<div class=\"pp-info-box-container pp-info-box-carousel pp-swiper-slider swiper swiper-container-wrap-dots-outside\" data-slider-settings=\"{&quot;effect&quot;:&quot;slide&quot;,&quot;speed&quot;:500,&quot;slides_per_view&quot;:5,&quot;space_between&quot;:10,&quot;auto_height&quot;:true,&quot;loop&quot;:&quot;yes&quot;,&quot;autoplay&quot;:&quot;yes&quot;,&quot;autoplay_speed&quot;:3000,&quot;pause_on_interaction&quot;:&quot;&quot;,&quot;pagination&quot;:&quot;bullets&quot;,&quot;slides_per_view_mobile&quot;:2,&quot;space_between_mobile&quot;:10,&quot;slides_per_view_tablet&quot;:3,&quot;space_between_tablet&quot;:10}\">\n\t\t\t\t\t\t\t<div class=\"swiper-wrapper\">\n\t\t\t\n\t\t\t\t\t\t\t<div class=\"pp-info-box swiper-slide\">\n\t\t\t\t\t\t\t\t\t\t\t<a href=\"https:\/\/ankamakine.com\/tr\/uygulamalar\/yemek\/\">\n\t\t\t\t\t\n\t\t\t\t\t\n\t\t\t\t\t\n\t\t\t\t\t<div class=\"pp-info-box-content\">\n\t\t\t\t\t\t\t\t<div class=\"pp-info-box-title-wrap\">\n\t\t\t\t\t\t\t<div class=\"pp-info-box-title-container\">\n\t\t\t\t\t<h4 class=\"pp-info-box-title\">\n\t\t\t\t\t\tG\u0131da\t\t\t\t\t<\/h4>\n\t\t\t\t<\/div>\n\t\t\t\t\t\t<\/div>\n\t\t\n\t\t\t\t\t\t\n\t\t\t\t\t\t\t\t\t\t\t\t\t<div class=\"pp-info-box-description\">\n\t\t\t\t\t\t\t\t<p><img loading=\"lazy\" decoding=\"async\" class=\"alignnone wp-image-2471\" src=\"https:\/\/ankamakine.com\/wp-content\/uploads\/2023\/08\/healthy-food-1-300x300.png\" alt=\"\" width=\"64\" height=\"64\" srcset=\"https:\/\/ankamakine.com\/wp-content\/uploads\/2023\/08\/healthy-food-1-300x300.png 300w, https:\/\/ankamakine.com\/wp-content\/uploads\/2023\/08\/healthy-food-1-150x150.png 150w, https:\/\/ankamakine.com\/wp-content\/uploads\/2023\/08\/healthy-food-1.png 512w\" sizes=\"auto, (max-width: 64px) 100vw, 64px\" \/><\/p>\t\t\t\t\t\t\t<\/div>\n\t\t\t\t\t\t\n\t\t\t\t\t\t\t\t\t\t\t<\/div>\n\n\t\t\t\t\t\t\t\t\t\t\t<\/a>\n\t\t\t\t\t\t\t\t\t<\/div>\n\t\t\t\t\t\t\t<div class=\"pp-info-box swiper-slide\">\n\t\t\t\t\t\t\t\t\t\t\t<a href=\"https:\/\/ankamakine.com\/tr\/uygulamalar\/nisasta-turevleri\/\">\n\t\t\t\t\t\n\t\t\t\t\t\n\t\t\t\t\t\n\t\t\t\t\t<div class=\"pp-info-box-content\">\n\t\t\t\t\t\t\t\t<div class=\"pp-info-box-title-wrap\">\n\t\t\t\t\t\t\t<div class=\"pp-info-box-title-container\">\n\t\t\t\t\t<h4 class=\"pp-info-box-title\">\n\t\t\t\t\t\tNi\u015fasta\t\t\t\t\t<\/h4>\n\t\t\t\t<\/div>\n\t\t\t\t\t\t<\/div>\n\t\t\n\t\t\t\t\t\t\n\t\t\t\t\t\t\t\t\t\t\t\t\t<div class=\"pp-info-box-description\">\n\t\t\t\t\t\t\t\t<p><img loading=\"lazy\" decoding=\"async\" class=\"alignnone wp-image-2475\" src=\"https:\/\/ankamakine.com\/wp-content\/uploads\/2023\/08\/starch-300x300.png\" alt=\"\" width=\"64\" height=\"64\" srcset=\"https:\/\/ankamakine.com\/wp-content\/uploads\/2023\/08\/starch-300x300.png 300w, https:\/\/ankamakine.com\/wp-content\/uploads\/2023\/08\/starch-150x150.png 150w, https:\/\/ankamakine.com\/wp-content\/uploads\/2023\/08\/starch.png 512w\" sizes=\"auto, (max-width: 64px) 100vw, 64px\" \/><\/p>\t\t\t\t\t\t\t<\/div>\n\t\t\t\t\t\t\n\t\t\t\t\t\t\t\t\t\t\t<\/div>\n\n\t\t\t\t\t\t\t\t\t\t\t<\/a>\n\t\t\t\t\t\t\t\t\t<\/div>\n\t\t\t\t\t\t\t<div class=\"pp-info-box swiper-slide\">\n\t\t\t\t\t\t\t\t\t\t\t<a href=\"https:\/\/ankamakine.com\/tr\/uygulamalar\/mandira\/\">\n\t\t\t\t\t\n\t\t\t\t\t\n\t\t\t\t\t\n\t\t\t\t\t<div class=\"pp-info-box-content\">\n\t\t\t\t\t\t\t\t<div class=\"pp-info-box-title-wrap\">\n\t\t\t\t\t\t\t<div class=\"pp-info-box-title-container\">\n\t\t\t\t\t<h4 class=\"pp-info-box-title\">\n\t\t\t\t\t\tS\u00fct \u00dcr\u00fcnleri\t\t\t\t\t<\/h4>\n\t\t\t\t<\/div>\n\t\t\t\t\t\t<\/div>\n\t\t\n\t\t\t\t\t\t\n\t\t\t\t\t\t\t\t\t\t\t\t\t<div class=\"pp-info-box-description\">\n\t\t\t\t\t\t\t\t<p><img loading=\"lazy\" decoding=\"async\" class=\"alignnone wp-image-2482\" src=\"https:\/\/ankamakine.com\/wp-content\/uploads\/2023\/08\/dairy-products-300x300.png\" alt=\"\" width=\"64\" height=\"64\" srcset=\"https:\/\/ankamakine.com\/wp-content\/uploads\/2023\/08\/dairy-products-300x300.png 300w, https:\/\/ankamakine.com\/wp-content\/uploads\/2023\/08\/dairy-products-150x150.png 150w, https:\/\/ankamakine.com\/wp-content\/uploads\/2023\/08\/dairy-products.png 512w\" sizes=\"auto, (max-width: 64px) 100vw, 64px\" \/><\/p>\t\t\t\t\t\t\t<\/div>\n\t\t\t\t\t\t\n\t\t\t\t\t\t\t\t\t\t\t<\/div>\n\n\t\t\t\t\t\t\t\t\t\t\t<\/a>\n\t\t\t\t\t\t\t\t\t<\/div>\n\t\t\t\t\t\t\t<div class=\"pp-info-box swiper-slide\">\n\t\t\t\t\t\t\t\t\t\t\t<a href=\"https:\/\/ankamakine.com\/tr\/uygulamalar\/kimyasal\/\">\n\t\t\t\t\t\n\t\t\t\t\t\n\t\t\t\t\t\n\t\t\t\t\t<div class=\"pp-info-box-content\">\n\t\t\t\t\t\t\t\t<div class=\"pp-info-box-title-wrap\">\n\t\t\t\t\t\t\t<div class=\"pp-info-box-title-container\">\n\t\t\t\t\t<h4 class=\"pp-info-box-title\">\n\t\t\t\t\t\tKimyasal\t\t\t\t\t<\/h4>\n\t\t\t\t<\/div>\n\t\t\t\t\t\t<\/div>\n\t\t\n\t\t\t\t\t\t\n\t\t\t\t\t\t\t\t\t\t\t\t\t<div class=\"pp-info-box-description\">\n\t\t\t\t\t\t\t\t<p><img loading=\"lazy\" decoding=\"async\" class=\"alignnone wp-image-2486\" src=\"https:\/\/ankamakine.com\/wp-content\/uploads\/2023\/08\/tank-300x300.png\" alt=\"\" width=\"64\" height=\"64\" srcset=\"https:\/\/ankamakine.com\/wp-content\/uploads\/2023\/08\/tank-300x300.png 300w, https:\/\/ankamakine.com\/wp-content\/uploads\/2023\/08\/tank-150x150.png 150w, https:\/\/ankamakine.com\/wp-content\/uploads\/2023\/08\/tank.png 512w\" sizes=\"auto, (max-width: 64px) 100vw, 64px\" \/><\/p>\t\t\t\t\t\t\t<\/div>\n\t\t\t\t\t\t\n\t\t\t\t\t\t\t\t\t\t\t<\/div>\n\n\t\t\t\t\t\t\t\t\t\t\t<\/a>\n\t\t\t\t\t\t\t\t\t<\/div>\n\t\t\t\t\t\t\t<div class=\"pp-info-box swiper-slide\">\n\t\t\t\t\t\t\t\t\t\t\t<a href=\"https:\/\/ankamakine.com\/tr\/uygulamalar\/ilac\/\">\n\t\t\t\t\t\n\t\t\t\t\t\n\t\t\t\t\t\n\t\t\t\t\t<div class=\"pp-info-box-content\">\n\t\t\t\t\t\t\t\t<div class=\"pp-info-box-title-wrap\">\n\t\t\t\t\t\t\t<div class=\"pp-info-box-title-container\">\n\t\t\t\t\t<h4 class=\"pp-info-box-title\">\n\t\t\t\t\t\t\u0130la\u00e7\t\t\t\t\t<\/h4>\n\t\t\t\t<\/div>\n\t\t\t\t\t\t<\/div>\n\t\t\n\t\t\t\t\t\t\n\t\t\t\t\t\t\t\t\t\t\t\t\t<div class=\"pp-info-box-description\">\n\t\t\t\t\t\t\t\t<p><img loading=\"lazy\" decoding=\"async\" class=\"alignnone wp-image-2487\" src=\"https:\/\/ankamakine.com\/wp-content\/uploads\/2023\/08\/drugs-300x300.png\" alt=\"\" width=\"64\" height=\"64\" srcset=\"https:\/\/ankamakine.com\/wp-content\/uploads\/2023\/08\/drugs-300x300.png 300w, https:\/\/ankamakine.com\/wp-content\/uploads\/2023\/08\/drugs-150x150.png 150w, https:\/\/ankamakine.com\/wp-content\/uploads\/2023\/08\/drugs.png 512w\" sizes=\"auto, (max-width: 64px) 100vw, 64px\" \/><\/p>\t\t\t\t\t\t\t<\/div>\n\t\t\t\t\t\t\n\t\t\t\t\t\t\t\t\t\t\t<\/div>\n\n\t\t\t\t\t\t\t\t\t\t\t<\/a>\n\t\t\t\t\t\t\t\t\t<\/div>\n\t\t\t\n\t\t\t\t\t\t\t<\/div>\n\t\t\t\t\t\t\t<div class=\"swiper-pagination swiper-pagination-e3c6ce6\"><\/div>\n\t\t\t\t<\/div>\n\t\t\t\t\t\t<\/div>\n\t\t\t\t<\/div>\n\t\t\t\t<div class=\"elementor-element elementor-element-3840d69 elementor-widget elementor-widget-text-editor\" data-id=\"3840d69\" data-element_type=\"widget\" data-e-type=\"widget\" data-widget_type=\"text-editor.default\">\n\t\t\t\t<div class=\"elementor-widget-container\">\n\t\t\t\t\t\t\t\t\t\u015eirketimiz kurutma, yo\u011funla\u015ft\u0131rma, so\u011futma ve ilgili proses ekipmanlar\u0131 tasarlamakta ve \u00fcretmektedir. <a class=\"link\" href=\"https:\/\/ankamakine.com\/tr\/urunlerimiz-2\/\"><strong>Ne yapt\u0131\u011f\u0131m\u0131z\u0131 g\u00f6r\u00fcn<\/strong><\/a>\t\t\t\t\t\t\t\t<\/div>\n\t\t\t\t<\/div>\n\t\t\t\t\t<\/div>\n\t\t<\/div>\n\t\t\t\t\t<\/div>\n\t\t<\/div>\n\t\t\t\t<\/div>","protected":false},"excerpt":{"rendered":"<p>Uygulamalar Anka Makine \u00c7e\u015fitli End\u00fcstriyel Sekt\u00f6rler i\u00e7in Y\u00fcksek Teknolojiler \u0130\u015fliyor \u0130\u015fletmenizin g\u00fcn\u00fcm\u00fcz pazar\u0131nda gezinmek i\u00e7in g\u00fc\u00e7l\u00fc \u00e7\u00f6z\u00fcmlere ve rehberli\u011fe ihtiyac\u0131 var \u00dcR\u00dcNLER\u0130M\u0130Z G\u0131da Ni\u015fasta S\u00fct Kimyasal \u0130la\u00e7 Bunlar\u0131 bir araya getirin ve s\u0131radanl\u0131\u011f\u0131n \u00fcstesinden gelin. Ne yapt\u0131\u011f\u0131m\u0131z\u0131 g\u00f6r\u00fcn<\/p>","protected":false},"author":1,"featured_media":0,"parent":0,"menu_order":0,"comment_status":"closed","ping_status":"closed","template":"","meta":{"_acf_changed":false,"nf_dc_page":"","inline_featured_image":false,"footnotes":""},"class_list":["post-2369","page","type-page","status-publish","hentry"],"acf":[],"_links":{"self":[{"href":"https:\/\/ankamakine.com\/tr\/wp-json\/wp\/v2\/pages\/2369","targetHints":{"allow":["GET"]}}],"collection":[{"href":"https:\/\/ankamakine.com\/tr\/wp-json\/wp\/v2\/pages"}],"about":[{"href":"https:\/\/ankamakine.com\/tr\/wp-json\/wp\/v2\/types\/page"}],"author":[{"embeddable":true,"href":"https:\/\/ankamakine.com\/tr\/wp-json\/wp\/v2\/users\/1"}],"replies":[{"embeddable":true,"href":"https:\/\/ankamakine.com\/tr\/wp-json\/wp\/v2\/comments?post=2369"}],"version-history":[{"count":66,"href":"https:\/\/ankamakine.com\/tr\/wp-json\/wp\/v2\/pages\/2369\/revisions"}],"predecessor-version":[{"id":2919,"href":"https:\/\/ankamakine.com\/tr\/wp-json\/wp\/v2\/pages\/2369\/revisions\/2919"}],"wp:attachment":[{"href":"https:\/\/ankamakine.com\/tr\/wp-json\/wp\/v2\/media?parent=2369"}],"curies":[{"name":"wp","href":"https:\/\/api.w.org\/{rel}","templated":true}]}}