{"id":2336,"date":"2023-08-06T19:45:59","date_gmt":"2023-08-06T16:45:59","guid":{"rendered":"http:\/\/anka.eticra.com\/?page_id=2336"},"modified":"2023-11-01T17:15:15","modified_gmt":"2023-11-01T14:15:15","slug":"our-products","status":"publish","type":"page","link":"https:\/\/ankamakine.com\/tr\/urunlerimiz-2\/","title":{"rendered":"\u00dcr\u00fcnlerimiz"},"content":{"rendered":"<div data-elementor-type=\"wp-page\" data-elementor-id=\"2336\" class=\"elementor elementor-2336\">\n\t\t\t\t\t\t<div class=\"elementor-section elementor-top-section elementor-element elementor-element-edd4ad1 elementor-section-stretched elementor-section-boxed elementor-section-height-default elementor-section-height-default\" data-id=\"edd4ad1\" data-element_type=\"section\" data-e-type=\"section\" data-settings=\"{&quot;background_background&quot;:&quot;classic&quot;,&quot;stretch_section&quot;:&quot;section-stretched&quot;}\">\n\t\t\t\t\t\t\t<div class=\"elementor-background-overlay\"><\/div>\n\t\t\t\t\t\t\t<div class=\"elementor-container elementor-column-gap-default\">\n\t\t\t\t\t<div class=\"elementor-column elementor-col-100 elementor-top-column elementor-element elementor-element-b55a04b\" data-id=\"b55a04b\" data-element_type=\"column\" data-e-type=\"column\">\n\t\t\t<div class=\"elementor-widget-wrap elementor-element-populated\">\n\t\t\t\t\t\t<div class=\"elementor-section elementor-inner-section elementor-element elementor-element-5cac040 elementor-section-boxed elementor-section-height-default elementor-section-height-default\" data-id=\"5cac040\" data-element_type=\"section\" data-e-type=\"section\">\n\t\t\t\t\t\t<div class=\"elementor-container elementor-column-gap-extended\">\n\t\t\t\t\t<div class=\"elementor-column elementor-col-50 elementor-inner-column elementor-element elementor-element-d3aaec7\" data-id=\"d3aaec7\" data-element_type=\"column\" data-e-type=\"column\">\n\t\t\t<div class=\"elementor-widget-wrap elementor-element-populated\">\n\t\t\t\t\t\t<div class=\"elementor-element elementor-element-35b5d97 elementor-widget elementor-widget-heading\" data-id=\"35b5d97\" data-element_type=\"widget\" data-e-type=\"widget\" data-widget_type=\"heading.default\">\n\t\t\t\t<div class=\"elementor-widget-container\">\n\t\t\t\t\t<h6 class=\"elementor-heading-title elementor-size-default\">\u00dcR\u00dcNLER\u0130M\u0130Z<\/h6>\t\t\t\t<\/div>\n\t\t\t\t<\/div>\n\t\t\t\t<div class=\"elementor-element elementor-element-58f4537 elementor-widget elementor-widget-heading\" data-id=\"58f4537\" data-element_type=\"widget\" data-e-type=\"widget\" data-widget_type=\"heading.default\">\n\t\t\t\t<div class=\"elementor-widget-container\">\n\t\t\t\t\t<h2 class=\"elementor-heading-title elementor-size-default\">Anka Makine \u00c7e\u015fitli Sanayi Sekt\u00f6rleri \u0130\u00e7in Y\u00fcksek Teknolojiler \u0130\u015fliyor<\/h2>\t\t\t\t<\/div>\n\t\t\t\t<\/div>\n\t\t\t\t\t<\/div>\n\t\t<\/div>\n\t\t\t\t<div class=\"elementor-column elementor-col-50 elementor-inner-column elementor-element elementor-element-2fb4ba8 elementor-hidden-tablet elementor-hidden-mobile\" data-id=\"2fb4ba8\" data-element_type=\"column\" data-e-type=\"column\">\n\t\t\t<div class=\"elementor-widget-wrap elementor-element-populated\">\n\t\t\t\t\t\t<div class=\"elementor-element elementor-element-237942a brAccent elementor-widget elementor-widget-text-editor\" data-id=\"237942a\" data-element_type=\"widget\" data-e-type=\"widget\" data-widget_type=\"text-editor.default\">\n\t\t\t\t<div class=\"elementor-widget-container\">\n\t\t\t\t\t\t\t\t\t\u015eirketimiz, \u00fcretim tesislerinde kurutma, yo\u011funla\u015ft\u0131rma, so\u011futma ve ilgili proses ekipmanlar\u0131 tasarlamakta ve \u00fcretmektedir.\t\t\t\t\t\t\t\t<\/div>\n\t\t\t\t<\/div>\n\t\t\t\t<div class=\"elementor-element elementor-element-10a4103 elementor-align-justify elementor-widget__width-initial elementor-absolute elementor-widget elementor-widget-button\" data-id=\"10a4103\" data-element_type=\"widget\" data-e-type=\"widget\" data-settings=\"{&quot;_position&quot;:&quot;absolute&quot;}\" data-widget_type=\"button.default\">\n\t\t\t\t<div class=\"elementor-widget-container\">\n\t\t\t\t\t\t\t\t\t<div class=\"elementor-button-wrapper\">\n\t\t\t\t\t<a class=\"elementor-button elementor-button-link elementor-size-sm\" href=\"https:\/\/ankamakine.com\/tr\/urunlerimiz-2\/\">\n\t\t\t\t\t\t<span class=\"elementor-button-content-wrapper\">\n\t\t\t\t\t\t\t\t\t<span class=\"elementor-button-text\">T\u00dcM \u00dcR\u00dcNLER<\/span>\n\t\t\t\t\t<\/span>\n\t\t\t\t\t<\/a>\n\t\t\t\t<\/div>\n\t\t\t\t\t\t\t\t<\/div>\n\t\t\t\t<\/div>\n\t\t\t\t\t<\/div>\n\t\t<\/div>\n\t\t\t\t\t<\/div>\n\t\t<\/div>\n\t\t\t\t<div class=\"elementor-section elementor-inner-section elementor-element elementor-element-889ea97 elementor-section-boxed elementor-section-height-default elementor-section-height-default\" data-id=\"889ea97\" data-element_type=\"section\" data-e-type=\"section\">\n\t\t\t\t\t\t<div class=\"elementor-container elementor-column-gap-extended\">\n\t\t\t\t\t<div class=\"elementor-column elementor-col-33 elementor-inner-column elementor-element elementor-element-ad17706\" data-id=\"ad17706\" data-element_type=\"column\" data-e-type=\"column\">\n\t\t\t<div class=\"elementor-widget-wrap elementor-element-populated\">\n\t\t\t\t\t\t<div class=\"elementor-element elementor-element-3ef3be3 elementor-position-top elementor-widget elementor-widget-image-box\" data-id=\"3ef3be3\" data-element_type=\"widget\" data-e-type=\"widget\" data-widget_type=\"image-box.default\">\n\t\t\t\t<div class=\"elementor-widget-container\">\n\t\t\t\t\t<div class=\"elementor-image-box-wrapper\"><figure class=\"elementor-image-box-img\"><a href=\"https:\/\/ankamakine.com\/tr\/urunlerimiz-2\/kurutucular\/\" tabindex=\"-1\"><img decoding=\"async\" src=\"https:\/\/ankamakine.com\/wp-content\/uploads\/elementor\/thumbs\/dryers-qe50pr0vtn5wbr0wdngkwp4nijk2t9hc57zeyjgypw.jpg\" title=\"kurutucular\" alt=\"kurutucular\" loading=\"lazy\" \/><\/a><\/figure><div class=\"elementor-image-box-content\"><h3 class=\"elementor-image-box-title\"><a href=\"https:\/\/ankamakine.com\/tr\/urunlerimiz-2\/kurutucular\/\">KURUTUCULAR<\/a><\/h3><p class=\"elementor-image-box-description\">Anka Makine, hemen hemen her toz uygulamas\u0131 i\u00e7in geni\u015f bir kurutucu yelpazesi sunmaktad\u0131r. Anka Makine kurutucular\u0131, k\u00fc\u00e7\u00fck \u00f6l\u00e7ekli tesis kapasitelerinden...<\/p><\/div><\/div>\t\t\t\t<\/div>\n\t\t\t\t<\/div>\n\t\t\t\t\t<\/div>\n\t\t<\/div>\n\t\t\t\t<div class=\"elementor-column elementor-col-33 elementor-inner-column elementor-element elementor-element-e55568e\" data-id=\"e55568e\" data-element_type=\"column\" data-e-type=\"column\">\n\t\t\t<div class=\"elementor-widget-wrap elementor-element-populated\">\n\t\t\t\t\t\t<div class=\"elementor-element elementor-element-ba9c00c elementor-position-top elementor-widget elementor-widget-image-box\" data-id=\"ba9c00c\" data-element_type=\"widget\" data-e-type=\"widget\" data-widget_type=\"image-box.default\">\n\t\t\t\t<div class=\"elementor-widget-container\">\n\t\t\t\t\t<div class=\"elementor-image-box-wrapper\"><figure class=\"elementor-image-box-img\"><a href=\"https:\/\/ankamakine.com\/tr\/urunlerimiz-2\/evaporatorler\/\" tabindex=\"-1\"><img decoding=\"async\" src=\"https:\/\/ankamakine.com\/wp-content\/uploads\/elementor\/thumbs\/evaporators-qe5124kdt43t6x1q401qqkp536k25sm3uh7kfp4csk.jpg\" title=\"evaporat\u00f6rler\" alt=\"evaporat\u00f6rler\" loading=\"lazy\" \/><\/a><\/figure><div class=\"elementor-image-box-content\"><h3 class=\"elementor-image-box-title\"><a href=\"https:\/\/ankamakine.com\/tr\/urunlerimiz-2\/evaporatorler\/\">EVAPORAT\u00d6RLER<\/a><\/h3><p class=\"elementor-image-box-description\">Buharla\u015ft\u0131rma, \u00fcr\u00fcn hacmini azaltmak, kurutmadan \u00f6nce suyu uzakla\u015ft\u0131rmak ve \u00fcr\u00fcn\u00fcn depolama \u00f6mr\u00fcn\u00fc art\u0131rmak i\u00e7in kullan\u0131l\u0131r.<\/p><\/div><\/div>\t\t\t\t<\/div>\n\t\t\t\t<\/div>\n\t\t\t\t\t<\/div>\n\t\t<\/div>\n\t\t\t\t<div class=\"elementor-column elementor-col-33 elementor-inner-column elementor-element elementor-element-5cc0aa0\" data-id=\"5cc0aa0\" data-element_type=\"column\" data-e-type=\"column\">\n\t\t\t<div class=\"elementor-widget-wrap elementor-element-populated\">\n\t\t\t\t\t\t<div class=\"elementor-element elementor-element-179a65e elementor-position-top elementor-widget elementor-widget-image-box\" data-id=\"179a65e\" data-element_type=\"widget\" data-e-type=\"widget\" data-widget_type=\"image-box.default\">\n\t\t\t\t<div class=\"elementor-widget-container\">\n\t\t\t\t\t<div class=\"elementor-image-box-wrapper\"><figure class=\"elementor-image-box-img\"><a href=\"https:\/\/ankamakine.com\/tr\/urunlerimiz-2\/surec-eki\u0307pmanlari-2\/\" tabindex=\"-1\"><img decoding=\"async\" src=\"https:\/\/ankamakine.com\/wp-content\/uploads\/elementor\/thumbs\/process-equipment-qe518hx04otrvrskwr6pmytm175mbxwm20e1j7oamc.jpg\" title=\"s\u00fcre\u00e7-ekipman\" alt=\"s\u00fcre\u00e7-ekipman\" loading=\"lazy\" \/><\/a><\/figure><div class=\"elementor-image-box-content\"><h3 class=\"elementor-image-box-title\"><a href=\"https:\/\/ankamakine.com\/tr\/urunlerimiz-2\/surec-eki\u0307pmanlari-2\/\">S\u00dcRE\u00c7 EKI\u0307PMANLARI<\/a><\/h3><p class=\"elementor-image-box-description\">Anka Makine, s\u00fct ve s\u00fct \u00fcr\u00fcnleri i\u015fleme i\u00e7in paslanmaz \u00e7elik tank \u00fcretiminde uzun y\u0131llara dayanan deneyime sahiptir.<\/p><\/div><\/div>\t\t\t\t<\/div>\n\t\t\t\t<\/div>\n\t\t\t\t\t<\/div>\n\t\t<\/div>\n\t\t\t\t\t<\/div>\n\t\t<\/div>\n\t\t\t\t<div class=\"elementor-element elementor-element-6c9c644 elementor-widget-divider--view-line elementor-widget elementor-widget-divider\" data-id=\"6c9c644\" data-element_type=\"widget\" data-e-type=\"widget\" data-widget_type=\"divider.default\">\n\t\t\t\t<div class=\"elementor-widget-container\">\n\t\t\t\t\t\t\t<div class=\"elementor-divider\">\n\t\t\t<span class=\"elementor-divider-separator\">\n\t\t\t\t\t\t<\/span>\n\t\t<\/div>\n\t\t\t\t\t\t<\/div>\n\t\t\t\t<\/div>\n\t\t\t\t\t<\/div>\n\t\t<\/div>\n\t\t\t\t\t<\/div>\n\t\t<\/div>\n\t\t\t\t<div class=\"elementor-section elementor-top-section elementor-element elementor-element-eea91b9 elementor-section-stretched shadow elementor-section-boxed elementor-section-height-default elementor-section-height-default\" data-id=\"eea91b9\" data-element_type=\"section\" data-e-type=\"section\" data-settings=\"{&quot;stretch_section&quot;:&quot;section-stretched&quot;,&quot;background_background&quot;:&quot;classic&quot;}\">\n\t\t\t\t\t\t<div class=\"elementor-container elementor-column-gap-default\">\n\t\t\t\t\t<div class=\"elementor-column elementor-col-100 elementor-top-column elementor-element elementor-element-dee415f\" data-id=\"dee415f\" data-element_type=\"column\" data-e-type=\"column\">\n\t\t\t<div class=\"elementor-widget-wrap elementor-element-populated\">\n\t\t\t\t\t\t<div class=\"elementor-section elementor-inner-section elementor-element elementor-element-acd50fa elementor-section-content-middle elementor-section-boxed elementor-section-height-default elementor-section-height-default\" data-id=\"acd50fa\" data-element_type=\"section\" data-e-type=\"section\">\n\t\t\t\t\t\t<div class=\"elementor-container elementor-column-gap-extended\">\n\t\t\t\t\t<div class=\"elementor-column elementor-col-50 elementor-inner-column elementor-element elementor-element-f288ec6 elementor-hidden-tablet elementor-hidden-mobile\" data-id=\"f288ec6\" data-element_type=\"column\" data-e-type=\"column\">\n\t\t\t<div class=\"elementor-widget-wrap elementor-element-populated\">\n\t\t\t\t\t\t<div class=\"elementor-element elementor-element-f0c9735 elementor-widget elementor-widget-image\" data-id=\"f0c9735\" data-element_type=\"widget\" data-e-type=\"widget\" data-widget_type=\"image.default\">\n\t\t\t\t<div class=\"elementor-widget-container\">\n\t\t\t\t\t\t\t\t\t\t\t\t\t\t\t<img loading=\"lazy\" decoding=\"async\" width=\"800\" height=\"800\" src=\"https:\/\/ankamakine.com\/wp-content\/uploads\/2023\/10\/slayt.png\" class=\"attachment-full size-full wp-image-2725\" alt=\"\" srcset=\"https:\/\/ankamakine.com\/wp-content\/uploads\/2023\/10\/slayt.png 800w, https:\/\/ankamakine.com\/wp-content\/uploads\/2023\/10\/slayt-300x300.png 300w, https:\/\/ankamakine.com\/wp-content\/uploads\/2023\/10\/slayt-150x150.png 150w, https:\/\/ankamakine.com\/wp-content\/uploads\/2023\/10\/slayt-768x768.png 768w, https:\/\/ankamakine.com\/wp-content\/uploads\/2023\/10\/slayt-12x12.png 12w, https:\/\/ankamakine.com\/wp-content\/uploads\/2023\/10\/elementor\/thumbs\/slayt-150x150.png 900w\" sizes=\"auto, (max-width: 800px) 100vw, 800px\" \/>\t\t\t\t\t\t\t\t\t\t\t\t\t\t\t<\/div>\n\t\t\t\t<\/div>\n\t\t\t\t\t<\/div>\n\t\t<\/div>\n\t\t\t\t<div class=\"elementor-column elementor-col-50 elementor-inner-column elementor-element elementor-element-a8ef615\" data-id=\"a8ef615\" data-element_type=\"column\" data-e-type=\"column\">\n\t\t\t<div class=\"elementor-widget-wrap elementor-element-populated\">\n\t\t\t\t\t\t<div class=\"elementor-element elementor-element-05f29eb elementor-widget elementor-widget-heading\" data-id=\"05f29eb\" data-element_type=\"widget\" data-e-type=\"widget\" data-widget_type=\"heading.default\">\n\t\t\t\t<div class=\"elementor-widget-container\">\n\t\t\t\t\t<h6 class=\"elementor-heading-title elementor-size-default\">\u00dcr\u00fcnlerimizle ilgileniyor musunuz?<\/h6>\t\t\t\t<\/div>\n\t\t\t\t<\/div>\n\t\t\t\t<div class=\"elementor-element elementor-element-2065fd1 elementor-widget elementor-widget-heading\" data-id=\"2065fd1\" data-element_type=\"widget\" data-e-type=\"widget\" data-widget_type=\"heading.default\">\n\t\t\t\t<div class=\"elementor-widget-container\">\n\t\t\t\t\t<h2 class=\"elementor-heading-title elementor-size-default\">Sizi Arayal\u0131m<\/h2>\t\t\t\t<\/div>\n\t\t\t\t<\/div>\n\t\t\t\t<div class=\"elementor-element elementor-element-62ea228 elementor-widget elementor-widget-text-editor\" data-id=\"62ea228\" data-element_type=\"widget\" data-e-type=\"widget\" data-widget_type=\"text-editor.default\">\n\t\t\t\t<div class=\"elementor-widget-container\">\n\t\t\t\t\t\t\t\t\t<p>\u0130leti\u015fim sayfam\u0131z\u0131 ziyaret edin.<\/p>\t\t\t\t\t\t\t\t<\/div>\n\t\t\t\t<\/div>\n\t\t\t\t<div class=\"elementor-element elementor-element-adec8fd elementor-tablet-align-justify elementor-widget elementor-widget-button\" data-id=\"adec8fd\" data-element_type=\"widget\" data-e-type=\"widget\" data-widget_type=\"button.default\">\n\t\t\t\t<div class=\"elementor-widget-container\">\n\t\t\t\t\t\t\t\t\t<div class=\"elementor-button-wrapper\">\n\t\t\t\t\t<a class=\"elementor-button elementor-button-link elementor-size-sm\" href=\"https:\/\/ankamakine.com\/tr\/bize-ulasin\/\">\n\t\t\t\t\t\t<span class=\"elementor-button-content-wrapper\">\n\t\t\t\t\t\t<span class=\"elementor-button-icon\">\n\t\t\t\t<i aria-hidden=\"true\" class=\"far fa-address-card\"><\/i>\t\t\t<\/span>\n\t\t\t\t\t\t\t\t\t<span class=\"elementor-button-text\">Bizimle \u0130leti\u015fime Ge\u00e7in<\/span>\n\t\t\t\t\t<\/span>\n\t\t\t\t\t<\/a>\n\t\t\t\t<\/div>\n\t\t\t\t\t\t\t\t<\/div>\n\t\t\t\t<\/div>\n\t\t\t\t<div class=\"elementor-element elementor-element-367d07f elementor-icon-list--layout-inline colorPrimary elementor-tablet-align-center elementor-hidden-mobile elementor-list-item-link-full_width elementor-widget elementor-widget-icon-list\" data-id=\"367d07f\" data-element_type=\"widget\" data-e-type=\"widget\" data-widget_type=\"icon-list.default\">\n\t\t\t\t<div class=\"elementor-widget-container\">\n\t\t\t\t\t\t\t<ul class=\"elementor-icon-list-items elementor-inline-items\">\n\t\t\t\t\t\t\t<li class=\"elementor-icon-list-item elementor-inline-item\">\n\t\t\t\t\t\t\t\t\t\t\t<span class=\"elementor-icon-list-icon\">\n\t\t\t\t\t\t\t<svg xmlns=\"http:\/\/www.w3.org\/2000\/svg\" height=\"24\" width=\"24\" viewbox=\"0 0 24 24\"><title>do\u011fruland\u0131<\/title><g fill=\"#afb0b9\" class=\"nc-icon-wrapper\"><path d=\"M21.2,1.839l-9-1.8a1,1,0,0,0-.392,0l-9,1.8A1,1,0,0,0,2,2.82V13c0,8,10,11,10,11s10-3,10-11V2.82A1,1,0,0,0,21.2,1.839ZM11.057,16.471,6.586,12,8,10.586l2.943,2.943L16.892,6.59l1.518,1.3Z\" fill=\"#ffffff\"><\/path><\/g><\/svg>\t\t\t\t\t\t<\/span>\n\t\t\t\t\t\t\t\t\t\t<span class=\"elementor-icon-list-text\">H\u0131zl\u0131 yan\u0131t<\/span>\n\t\t\t\t\t\t\t\t\t<\/li>\n\t\t\t\t\t\t\t\t<li class=\"elementor-icon-list-item elementor-inline-item\">\n\t\t\t\t\t\t\t\t\t\t\t<span class=\"elementor-icon-list-icon\">\n\t\t\t\t\t\t\t<svg xmlns=\"http:\/\/www.w3.org\/2000\/svg\" height=\"24\" width=\"24\" viewbox=\"0 0 24 24\"><title>do\u011fruland\u0131<\/title><g fill=\"#afb0b9\" class=\"nc-icon-wrapper\"><path d=\"M21.2,1.839l-9-1.8a1,1,0,0,0-.392,0l-9,1.8A1,1,0,0,0,2,2.82V13c0,8,10,11,10,11s10-3,10-11V2.82A1,1,0,0,0,21.2,1.839ZM11.057,16.471,6.586,12,8,10.586l2.943,2.943L16.892,6.59l1.518,1.3Z\" fill=\"#ffffff\"><\/path><\/g><\/svg>\t\t\t\t\t\t<\/span>\n\t\t\t\t\t\t\t\t\t\t<span class=\"elementor-icon-list-text\">Zaman kazan\u0131n<\/span>\n\t\t\t\t\t\t\t\t\t<\/li>\n\t\t\t\t\t\t<\/ul>\n\t\t\t\t\t\t<\/div>\n\t\t\t\t<\/div>\n\t\t\t\t\t<\/div>\n\t\t<\/div>\n\t\t\t\t\t<\/div>\n\t\t<\/div>\n\t\t\t\t\t<\/div>\n\t\t<\/div>\n\t\t\t\t\t<\/div>\n\t\t<\/div>\n\t\t\t\t<\/div>","protected":false},"excerpt":{"rendered":"<p>OUR PRODUCTS Anka Makine is Processing High Technologies for Various Industrial Sectors Our company designs and manufactures equipment for drying, concentrating, cooling, and related process equipment at its manufacturing facilities. ALL PRODUCTS DRYERS Anka Makine offers a wide range of dryers for virtually any powder application. Anka Makine dryers range from small-scale plant with capacities&#8230; [&hellip;]<\/p>\n","protected":false},"author":1,"featured_media":0,"parent":0,"menu_order":0,"comment_status":"closed","ping_status":"closed","template":"tmpl\/template-fullwidth.php","meta":{"_acf_changed":false,"nf_dc_page":"","inline_featured_image":false,"footnotes":""},"class_list":["post-2336","page","type-page","status-publish","hentry"],"acf":[],"_links":{"self":[{"href":"https:\/\/ankamakine.com\/tr\/wp-json\/wp\/v2\/pages\/2336","targetHints":{"allow":["GET"]}}],"collection":[{"href":"https:\/\/ankamakine.com\/tr\/wp-json\/wp\/v2\/pages"}],"about":[{"href":"https:\/\/ankamakine.com\/tr\/wp-json\/wp\/v2\/types\/page"}],"author":[{"embeddable":true,"href":"https:\/\/ankamakine.com\/tr\/wp-json\/wp\/v2\/users\/1"}],"replies":[{"embeddable":true,"href":"https:\/\/ankamakine.com\/tr\/wp-json\/wp\/v2\/comments?post=2336"}],"version-history":[{"count":51,"href":"https:\/\/ankamakine.com\/tr\/wp-json\/wp\/v2\/pages\/2336\/revisions"}],"predecessor-version":[{"id":2934,"href":"https:\/\/ankamakine.com\/tr\/wp-json\/wp\/v2\/pages\/2336\/revisions\/2934"}],"wp:attachment":[{"href":"https:\/\/ankamakine.com\/tr\/wp-json\/wp\/v2\/media?parent=2336"}],"curies":[{"name":"wp","href":"https:\/\/api.w.org\/{rel}","templated":true}]}}